{"id":1381,"date":"2021-09-20T15:47:02","date_gmt":"2021-09-20T13:47:02","guid":{"rendered":"https:\/\/www.tmeitaly.com\/prodotto\/kenos-lm\/"},"modified":"2025-08-25T09:32:40","modified_gmt":"2025-08-25T07:32:40","slug":"conditionneuse-kenos-lm","status":"publish","type":"product","link":"https:\/\/www.tmeitaly.com\/fr\/produit\/conditionneuse-kenos-lm\/","title":{"rendered":"Conditionneuse KENOS-LM"},"content":{"rendered":"<p class=\"whitespace-normal break-words\">La <strong>ligne de <b>conditionnement<\/b> KENOS-LM<\/strong> est con\u00e7ue pour garantir des performances productives moyennes-hautes dans l&#8217;emballage sous vide de levure s\u00e8che, assurant qualit\u00e9 esth\u00e9tique et s\u00e9curit\u00e9 de l&#8217;emballage final.<\/p>\n<ul class=\"[&amp;:not(:last-child)_ul]:pb-1 [&amp;:not(:last-child)_ol]:pb-1 list-disc space-y-1.5 pl-7\">\n<li class=\"whitespace-normal break-words\"><strong>Vitesse productive \u00e9quilibr\u00e9e:<\/strong>\u00a0jusqu&rsquo;\u00e0 40 sachets\/min (2 400 sachets\/heure)<\/li>\n<li class=\"whitespace-normal break-words\"><strong>Flexibilit\u00e9 de format:<\/strong>\u00a0adaptabilit\u00e9 compl\u00e8te pour sachets de 75 g \u00e0 1 kg avec syst\u00e8me de changement de format rapide et simplifi\u00e9<\/li>\n<li class=\"whitespace-normal break-words\"><strong>Syst\u00e8me de dosage avanc\u00e9:<\/strong>\u00a0peseuse \u00e0 gravit\u00e9 avec technologie brevet\u00e9e TME pour pr\u00e9cision de remplissage<\/li>\n<li class=\"whitespace-normal break-words\"><strong>Double cloche \u00e0 vide<\/strong> pour optimiser l&rsquo;efficacit\u00e9 du processus d&#8217;emballage sous vide<\/li>\n<li class=\"whitespace-normal break-words\"><strong>Accessoires en option<\/strong> pour personnalisation de la ligne:\n<ul class=\"[&amp;:not(:last-child)_ul]:pb-1 [&amp;:not(:last-child)_ol]:pb-1 list-disc space-y-1.5 pl-7\">\n<li class=\"whitespace-normal break-words\">Contr\u00f4le poids avec feedback et \u00e9vacuation automatique des paquets hors tol\u00e9rance<\/li>\n<li class=\"whitespace-normal break-words\">Marqueur pour impression directe<\/li>\n<li class=\"whitespace-normal break-words\">\u00c9tiqueteuse pour application d&rsquo;\u00e9tiquettes<\/li>\n<\/ul>\n<\/li>\n<li class=\"whitespace-normal break-words\"><strong>Modularit\u00e9 et int\u00e9gration<\/strong> avec syst\u00e8mes de fin de ligne pour automatisation compl\u00e8te:\n<ul class=\"[&amp;:not(:last-child)_ul]:pb-1 [&amp;:not(:last-child)_ol]:pb-1 list-disc space-y-1.5 pl-7\">\n<li class=\"whitespace-normal break-words\">Fardeleuse pour regroupement de produits<\/li>\n<li class=\"whitespace-normal break-words\">Encartonneuse pour emballage secondaire<\/li>\n<\/ul>\n<\/li>\n<\/ul>\n","protected":false},"excerpt":{"rendered":"<p>Ligne souple et efficace de conditionnement sous vide pour levure s\u00e8che.<\/p>\n","protected":false},"featured_media":1382,"template":"","meta":[],"product_cat":[88,89,87],"product_tag":[],"class_list":["post-1381","product","type-product","status-publish","has-post-thumbnail","hentry","product_cat-levure-poussiere","product_cat-levure-sous-vide","product_cat-lignes-de-conditionnement-sous-vide"],"yoast_head":"<!-- This site is optimized with the Yoast SEO plugin v27.4 - https:\/\/yoast.com\/product\/yoast-seo-wordpress\/ -->\n<title>Conditionneuse KENOS-LM - TME Italy<\/title>\n<meta name=\"description\" content=\"Kenos LM \u00e8 la nostra flessibile ed efficiente linea di confezionamento sottovuoto per il lievito secco.\" \/>\n<meta name=\"robots\" content=\"index, follow, max-snippet:-1, max-image-preview:large, max-video-preview:-1\" \/>\n<link rel=\"canonical\" href=\"https:\/\/www.tmeitaly.com\/fr\/produit\/conditionneuse-kenos-lm\/\" \/>\n<meta property=\"og:locale\" content=\"fr_FR\" \/>\n<meta property=\"og:type\" content=\"article\" \/>\n<meta property=\"og:title\" content=\"Conditionneuse KENOS-LM - TME Italy\" \/>\n<meta property=\"og:description\" content=\"Kenos LM \u00e8 la nostra flessibile ed efficiente linea di confezionamento sottovuoto per il lievito secco.\" \/>\n<meta property=\"og:url\" content=\"https:\/\/www.tmeitaly.com\/fr\/produit\/conditionneuse-kenos-lm\/\" \/>\n<meta property=\"og:site_name\" content=\"TME Italy\" \/>\n<meta property=\"article:modified_time\" content=\"2025-08-25T07:32:40+00:00\" \/>\n<meta property=\"og:image\" content=\"https:\/\/www.tmeitaly.com\/wp-content\/uploads\/2021\/09\/KENOS-2017-TOTALE-TRASPARENZE.jpg\" \/>\n\t<meta property=\"og:image:width\" content=\"2000\" \/>\n\t<meta property=\"og:image:height\" content=\"2000\" \/>\n\t<meta property=\"og:image:type\" content=\"image\/jpeg\" \/>\n<meta name=\"twitter:card\" content=\"summary_large_image\" \/>\n<meta name=\"twitter:label1\" content=\"Dur\u00e9e de lecture estim\u00e9e\" \/>\n\t<meta name=\"twitter:data1\" content=\"1 minute\" \/>\n<script type=\"application\/ld+json\" class=\"yoast-schema-graph\">{\"@context\":\"https:\\\/\\\/schema.org\",\"@graph\":[{\"@type\":\"WebPage\",\"@id\":\"https:\\\/\\\/www.tmeitaly.com\\\/fr\\\/produit\\\/conditionneuse-kenos-lm\\\/\",\"url\":\"https:\\\/\\\/www.tmeitaly.com\\\/fr\\\/produit\\\/conditionneuse-kenos-lm\\\/\",\"name\":\"Conditionneuse KENOS-LM - TME Italy\",\"isPartOf\":{\"@id\":\"https:\\\/\\\/www.tmeitaly.com\\\/fr\\\/#website\"},\"primaryImageOfPage\":{\"@id\":\"https:\\\/\\\/www.tmeitaly.com\\\/fr\\\/produit\\\/conditionneuse-kenos-lm\\\/#primaryimage\"},\"image\":{\"@id\":\"https:\\\/\\\/www.tmeitaly.com\\\/fr\\\/produit\\\/conditionneuse-kenos-lm\\\/#primaryimage\"},\"thumbnailUrl\":\"https:\\\/\\\/www.tmeitaly.com\\\/wp-content\\\/uploads\\\/2021\\\/09\\\/KENOS-2017-TOTALE-TRASPARENZE.jpg\",\"datePublished\":\"2021-09-20T13:47:02+00:00\",\"dateModified\":\"2025-08-25T07:32:40+00:00\",\"description\":\"Kenos LM \u00e8 la nostra flessibile ed efficiente linea di confezionamento sottovuoto per il lievito secco.\",\"breadcrumb\":{\"@id\":\"https:\\\/\\\/www.tmeitaly.com\\\/fr\\\/produit\\\/conditionneuse-kenos-lm\\\/#breadcrumb\"},\"inLanguage\":\"fr-FR\",\"potentialAction\":[{\"@type\":\"ReadAction\",\"target\":[\"https:\\\/\\\/www.tmeitaly.com\\\/fr\\\/produit\\\/conditionneuse-kenos-lm\\\/\"]}]},{\"@type\":\"ImageObject\",\"inLanguage\":\"fr-FR\",\"@id\":\"https:\\\/\\\/www.tmeitaly.com\\\/fr\\\/produit\\\/conditionneuse-kenos-lm\\\/#primaryimage\",\"url\":\"https:\\\/\\\/www.tmeitaly.com\\\/wp-content\\\/uploads\\\/2021\\\/09\\\/KENOS-2017-TOTALE-TRASPARENZE.jpg\",\"contentUrl\":\"https:\\\/\\\/www.tmeitaly.com\\\/wp-content\\\/uploads\\\/2021\\\/09\\\/KENOS-2017-TOTALE-TRASPARENZE.jpg\",\"width\":2000,\"height\":2000},{\"@type\":\"BreadcrumbList\",\"@id\":\"https:\\\/\\\/www.tmeitaly.com\\\/fr\\\/produit\\\/conditionneuse-kenos-lm\\\/#breadcrumb\",\"itemListElement\":[{\"@type\":\"ListItem\",\"position\":1,\"name\":\"Home\",\"item\":\"https:\\\/\\\/www.tmeitaly.com\\\/fr\\\/\"},{\"@type\":\"ListItem\",\"position\":2,\"name\":\"Boutique\",\"item\":\"https:\\\/\\\/www.tmeitaly.com\\\/fr\\\/boutique\\\/\"},{\"@type\":\"ListItem\",\"position\":3,\"name\":\"Conditionneuse KENOS-LM\"}]},{\"@type\":\"WebSite\",\"@id\":\"https:\\\/\\\/www.tmeitaly.com\\\/fr\\\/#website\",\"url\":\"https:\\\/\\\/www.tmeitaly.com\\\/fr\\\/\",\"name\":\"TME Italy\",\"description\":\"\",\"publisher\":{\"@id\":\"https:\\\/\\\/www.tmeitaly.com\\\/fr\\\/#organization\"},\"potentialAction\":[{\"@type\":\"SearchAction\",\"target\":{\"@type\":\"EntryPoint\",\"urlTemplate\":\"https:\\\/\\\/www.tmeitaly.com\\\/fr\\\/?s={search_term_string}\"},\"query-input\":{\"@type\":\"PropertyValueSpecification\",\"valueRequired\":true,\"valueName\":\"search_term_string\"}}],\"inLanguage\":\"fr-FR\"},{\"@type\":\"Organization\",\"@id\":\"https:\\\/\\\/www.tmeitaly.com\\\/fr\\\/#organization\",\"name\":\"TME Italy\",\"url\":\"https:\\\/\\\/www.tmeitaly.com\\\/fr\\\/\",\"logo\":{\"@type\":\"ImageObject\",\"inLanguage\":\"fr-FR\",\"@id\":\"https:\\\/\\\/www.tmeitaly.com\\\/fr\\\/#\\\/schema\\\/logo\\\/image\\\/\",\"url\":\"https:\\\/\\\/www.tmeitaly.com\\\/wp-content\\\/uploads\\\/2021\\\/06\\\/cropped-logo.png\",\"contentUrl\":\"https:\\\/\\\/www.tmeitaly.com\\\/wp-content\\\/uploads\\\/2021\\\/06\\\/cropped-logo.png\",\"width\":248,\"height\":120,\"caption\":\"TME Italy\"},\"image\":{\"@id\":\"https:\\\/\\\/www.tmeitaly.com\\\/fr\\\/#\\\/schema\\\/logo\\\/image\\\/\"}}]}<\/script>\n<!-- \/ Yoast SEO plugin. -->","yoast_head_json":{"title":"Conditionneuse KENOS-LM - TME Italy","description":"Kenos LM \u00e8 la nostra flessibile ed efficiente linea di confezionamento sottovuoto per il lievito secco.","robots":{"index":"index","follow":"follow","max-snippet":"max-snippet:-1","max-image-preview":"max-image-preview:large","max-video-preview":"max-video-preview:-1"},"canonical":"https:\/\/www.tmeitaly.com\/fr\/produit\/conditionneuse-kenos-lm\/","og_locale":"fr_FR","og_type":"article","og_title":"Conditionneuse KENOS-LM - TME Italy","og_description":"Kenos LM \u00e8 la nostra flessibile ed efficiente linea di confezionamento sottovuoto per il lievito secco.","og_url":"https:\/\/www.tmeitaly.com\/fr\/produit\/conditionneuse-kenos-lm\/","og_site_name":"TME Italy","article_modified_time":"2025-08-25T07:32:40+00:00","og_image":[{"width":2000,"height":2000,"url":"https:\/\/www.tmeitaly.com\/wp-content\/uploads\/2021\/09\/KENOS-2017-TOTALE-TRASPARENZE.jpg","type":"image\/jpeg"}],"twitter_card":"summary_large_image","twitter_misc":{"Dur\u00e9e de lecture estim\u00e9e":"1 minute"},"schema":{"@context":"https:\/\/schema.org","@graph":[{"@type":"WebPage","@id":"https:\/\/www.tmeitaly.com\/fr\/produit\/conditionneuse-kenos-lm\/","url":"https:\/\/www.tmeitaly.com\/fr\/produit\/conditionneuse-kenos-lm\/","name":"Conditionneuse KENOS-LM - TME Italy","isPartOf":{"@id":"https:\/\/www.tmeitaly.com\/fr\/#website"},"primaryImageOfPage":{"@id":"https:\/\/www.tmeitaly.com\/fr\/produit\/conditionneuse-kenos-lm\/#primaryimage"},"image":{"@id":"https:\/\/www.tmeitaly.com\/fr\/produit\/conditionneuse-kenos-lm\/#primaryimage"},"thumbnailUrl":"https:\/\/www.tmeitaly.com\/wp-content\/uploads\/2021\/09\/KENOS-2017-TOTALE-TRASPARENZE.jpg","datePublished":"2021-09-20T13:47:02+00:00","dateModified":"2025-08-25T07:32:40+00:00","description":"Kenos LM \u00e8 la nostra flessibile ed efficiente linea di confezionamento sottovuoto per il lievito secco.","breadcrumb":{"@id":"https:\/\/www.tmeitaly.com\/fr\/produit\/conditionneuse-kenos-lm\/#breadcrumb"},"inLanguage":"fr-FR","potentialAction":[{"@type":"ReadAction","target":["https:\/\/www.tmeitaly.com\/fr\/produit\/conditionneuse-kenos-lm\/"]}]},{"@type":"ImageObject","inLanguage":"fr-FR","@id":"https:\/\/www.tmeitaly.com\/fr\/produit\/conditionneuse-kenos-lm\/#primaryimage","url":"https:\/\/www.tmeitaly.com\/wp-content\/uploads\/2021\/09\/KENOS-2017-TOTALE-TRASPARENZE.jpg","contentUrl":"https:\/\/www.tmeitaly.com\/wp-content\/uploads\/2021\/09\/KENOS-2017-TOTALE-TRASPARENZE.jpg","width":2000,"height":2000},{"@type":"BreadcrumbList","@id":"https:\/\/www.tmeitaly.com\/fr\/produit\/conditionneuse-kenos-lm\/#breadcrumb","itemListElement":[{"@type":"ListItem","position":1,"name":"Home","item":"https:\/\/www.tmeitaly.com\/fr\/"},{"@type":"ListItem","position":2,"name":"Boutique","item":"https:\/\/www.tmeitaly.com\/fr\/boutique\/"},{"@type":"ListItem","position":3,"name":"Conditionneuse KENOS-LM"}]},{"@type":"WebSite","@id":"https:\/\/www.tmeitaly.com\/fr\/#website","url":"https:\/\/www.tmeitaly.com\/fr\/","name":"TME Italy","description":"","publisher":{"@id":"https:\/\/www.tmeitaly.com\/fr\/#organization"},"potentialAction":[{"@type":"SearchAction","target":{"@type":"EntryPoint","urlTemplate":"https:\/\/www.tmeitaly.com\/fr\/?s={search_term_string}"},"query-input":{"@type":"PropertyValueSpecification","valueRequired":true,"valueName":"search_term_string"}}],"inLanguage":"fr-FR"},{"@type":"Organization","@id":"https:\/\/www.tmeitaly.com\/fr\/#organization","name":"TME Italy","url":"https:\/\/www.tmeitaly.com\/fr\/","logo":{"@type":"ImageObject","inLanguage":"fr-FR","@id":"https:\/\/www.tmeitaly.com\/fr\/#\/schema\/logo\/image\/","url":"https:\/\/www.tmeitaly.com\/wp-content\/uploads\/2021\/06\/cropped-logo.png","contentUrl":"https:\/\/www.tmeitaly.com\/wp-content\/uploads\/2021\/06\/cropped-logo.png","width":248,"height":120,"caption":"TME Italy"},"image":{"@id":"https:\/\/www.tmeitaly.com\/fr\/#\/schema\/logo\/image\/"}}]}},"_links":{"self":[{"href":"https:\/\/www.tmeitaly.com\/fr\/wp-json\/wp\/v2\/product\/1381","targetHints":{"allow":["GET"]}}],"collection":[{"href":"https:\/\/www.tmeitaly.com\/fr\/wp-json\/wp\/v2\/product"}],"about":[{"href":"https:\/\/www.tmeitaly.com\/fr\/wp-json\/wp\/v2\/types\/product"}],"wp:featuredmedia":[{"embeddable":true,"href":"https:\/\/www.tmeitaly.com\/fr\/wp-json\/wp\/v2\/media\/1382"}],"wp:attachment":[{"href":"https:\/\/www.tmeitaly.com\/fr\/wp-json\/wp\/v2\/media?parent=1381"}],"wp:term":[{"taxonomy":"product_cat","embeddable":true,"href":"https:\/\/www.tmeitaly.com\/fr\/wp-json\/wp\/v2\/product_cat?post=1381"},{"taxonomy":"product_tag","embeddable":true,"href":"https:\/\/www.tmeitaly.com\/fr\/wp-json\/wp\/v2\/product_tag?post=1381"}],"curies":[{"name":"wp","href":"https:\/\/api.w.org\/{rel}","templated":true}]}}