{"id":1363,"date":"2021-06-16T15:23:20","date_gmt":"2021-06-16T13:23:20","guid":{"rendered":"https:\/\/www.tmeitaly.com\/prodotto\/format\/"},"modified":"2025-08-25T09:35:30","modified_gmt":"2025-08-25T07:35:30","slug":"conditionneuse-format","status":"publish","type":"product","link":"https:\/\/www.tmeitaly.com\/fr\/produit\/conditionneuse-format\/","title":{"rendered":"Conditionneuse FORMAT"},"content":{"rendered":"<div>\n<div class=\"grid-cols-1 grid gap-2.5 [&amp;_&gt;_*]:min-w-0 !gap-3.5\">\n<p class=\"whitespace-normal break-words\">La <strong>ligne de <b>conditionnement<\/b> FORMAT<\/strong> repr\u00e9sente la solution la plus compl\u00e8te et polyvalente pour l&#8217;emballage sous atmosph\u00e8re, offrant flexibilit\u00e9 maximale et performances avanc\u00e9es.<\/p>\n<ul class=\"[&amp;:not(:last-child)_ul]:pb-1 [&amp;:not(:last-child)_ol]:pb-1 list-disc space-y-1.5 pl-7\">\n<li class=\"whitespace-normal break-words\"><strong>Vitesse productive optimis\u00e9e:<\/strong>\u00a0jusqu&rsquo;\u00e0 40 sachets\/min de 1 kg (2 400 sachets\/heure)<\/li>\n<li class=\"whitespace-normal break-words\"><strong>Flexibilit\u00e9 de format:<\/strong>\u00a0r\u00e9alisation de sachets de 100 g \u00e0 1 kg avec syst\u00e8me de changement de format automatique<\/li>\n<li class=\"whitespace-normal break-words\"><strong>Motorisation brushless avanc\u00e9e<\/strong> pour tous les groupes op\u00e9ratifs<\/li>\n<li class=\"whitespace-normal break-words\"><strong>Syst\u00e8me de transport intelligent:<\/strong>\u00a0manipulation \u00ab\u00a0au pas\u00a0\u00bb avec positionnement final en position dress\u00e9e<\/li>\n<li class=\"whitespace-normal break-words\"><strong>Syst\u00e8mes de dosage multiples<\/strong> pour diverses typologies de produit:\n<ul class=\"[&amp;:not(:last-child)_ul]:pb-1 [&amp;:not(:last-child)_ol]:pb-1 list-disc space-y-1.5 pl-7\">\n<li class=\"whitespace-normal break-words\">Peseuse \u00e9lectronique pour caf\u00e9 en grains<\/li>\n<li class=\"whitespace-normal break-words\">Peseuse \u00e0 gravit\u00e9 pour caf\u00e9 en grains<\/li>\n<li class=\"whitespace-normal break-words\">Doseur volum\u00e9trique \u00e0 vis sans fin avec motorisation brushless pour caf\u00e9 moulu et produits poudreux<\/li>\n<\/ul>\n<\/li>\n<li class=\"whitespace-normal break-words\"><strong>Typologies de soudure polyvalentes:<\/strong>\n<ul class=\"[&amp;:not(:last-child)_ul]:pb-1 [&amp;:not(:last-child)_ol]:pb-1 list-disc space-y-1.5 pl-7\">\n<li class=\"whitespace-normal break-words\">Soudure simple centrale<\/li>\n<li class=\"whitespace-normal break-words\">Soudure simple lat\u00e9rale<\/li>\n<li class=\"whitespace-normal break-words\">Soudure avec quatre angles soud\u00e9s<\/li>\n<\/ul>\n<\/li>\n<li class=\"whitespace-normal break-words\"><strong>Accessoires en option<\/strong> pour personnalisation compl\u00e8te:\n<ul class=\"[&amp;:not(:last-child)_ul]:pb-1 [&amp;:not(:last-child)_ol]:pb-1 list-disc space-y-1.5 pl-7\">\n<li class=\"whitespace-normal break-words\">Application valve sauve-ar\u00f4me<\/li>\n<li class=\"whitespace-normal break-words\">Station de rognage ailette sup\u00e9rieure<\/li>\n<li class=\"whitespace-normal break-words\">D\u00e9sa\u00e9ration sachet pour optimisation volume<\/li>\n<li class=\"whitespace-normal break-words\">Dispositif d&rsquo;injection de gaz inerte<\/li>\n<li class=\"whitespace-normal break-words\">Aspirateur pneumatique pour chargement caf\u00e9 en grains<\/li>\n<li class=\"whitespace-normal break-words\">Vis sans fin d&rsquo;alimentation pour caf\u00e9 moulu<\/li>\n<li class=\"whitespace-normal break-words\">Marqueur et \u00c9tiqueteuse<\/li>\n<li class=\"whitespace-normal break-words\">Application Tin-tie<\/li>\n<\/ul>\n<\/li>\n<li class=\"whitespace-normal break-words\"><strong>Int\u00e9gration avec syst\u00e8mes de fin de ligne:<\/strong>\n<ul class=\"[&amp;:not(:last-child)_ul]:pb-1 [&amp;:not(:last-child)_ol]:pb-1 list-disc space-y-1.5 pl-7\">\n<li class=\"whitespace-normal break-words\">Encartonneuse pour emballage secondaire<\/li>\n<li class=\"whitespace-normal break-words\">Fardeleuse pour regroupement de produits<\/li>\n<\/ul>\n<\/li>\n<\/ul>\n<\/div>\n<\/div>\n","protected":false},"excerpt":{"rendered":"<p class=\"p1\">Ligne de conditionnement compl\u00e8te en atmosph\u00e8re \u00e0 personnaliser pour chaque exigence.<\/p>\n","protected":false},"featured_media":1365,"template":"","meta":[],"product_cat":[83,76,84,85,82],"product_tag":[],"class_list":["post-1363","product","type-product","status-publish","has-post-thumbnail","hentry","product_cat-cafe-en-grain","product_cat-cafe-moulu","product_cat-lignes-de-conditionnement-sous-atmosphere","product_cat-poudre-pour-glace","product_cat-soupes-solubles"],"yoast_head":"<!-- This site is optimized with the Yoast SEO plugin v27.4 - https:\/\/yoast.com\/product\/yoast-seo-wordpress\/ -->\n<title>Conditionneuse FORMAT - TME Italy<\/title>\n<meta name=\"description\" content=\"Format \u00e8 la nostra completa linea di confezionamento in atmosfera personalizzabile per ogni esigenza.\" \/>\n<meta name=\"robots\" content=\"index, follow, max-snippet:-1, max-image-preview:large, max-video-preview:-1\" \/>\n<link rel=\"canonical\" href=\"https:\/\/www.tmeitaly.com\/fr\/produit\/conditionneuse-format\/\" \/>\n<meta property=\"og:locale\" content=\"fr_FR\" \/>\n<meta property=\"og:type\" content=\"article\" \/>\n<meta property=\"og:title\" content=\"Conditionneuse FORMAT - TME Italy\" \/>\n<meta property=\"og:description\" content=\"Format \u00e8 la nostra completa linea di confezionamento in atmosfera personalizzabile per ogni esigenza.\" \/>\n<meta property=\"og:url\" content=\"https:\/\/www.tmeitaly.com\/fr\/produit\/conditionneuse-format\/\" \/>\n<meta property=\"og:site_name\" content=\"TME Italy\" \/>\n<meta property=\"article:modified_time\" content=\"2025-08-25T07:35:30+00:00\" \/>\n<meta property=\"og:image\" content=\"https:\/\/www.tmeitaly.com\/wp-content\/uploads\/2021\/06\/FORMAT-2020-TRASPARENZA_piedi-corti.jpg\" \/>\n\t<meta property=\"og:image:width\" content=\"2000\" \/>\n\t<meta property=\"og:image:height\" content=\"2000\" \/>\n\t<meta property=\"og:image:type\" content=\"image\/jpeg\" \/>\n<meta name=\"twitter:card\" content=\"summary_large_image\" \/>\n<meta name=\"twitter:label1\" content=\"Dur\u00e9e de lecture estim\u00e9e\" \/>\n\t<meta name=\"twitter:data1\" content=\"1 minute\" \/>\n<script type=\"application\/ld+json\" class=\"yoast-schema-graph\">{\"@context\":\"https:\\\/\\\/schema.org\",\"@graph\":[{\"@type\":\"WebPage\",\"@id\":\"https:\\\/\\\/www.tmeitaly.com\\\/fr\\\/produit\\\/conditionneuse-format\\\/\",\"url\":\"https:\\\/\\\/www.tmeitaly.com\\\/fr\\\/produit\\\/conditionneuse-format\\\/\",\"name\":\"Conditionneuse FORMAT - TME Italy\",\"isPartOf\":{\"@id\":\"https:\\\/\\\/www.tmeitaly.com\\\/fr\\\/#website\"},\"primaryImageOfPage\":{\"@id\":\"https:\\\/\\\/www.tmeitaly.com\\\/fr\\\/produit\\\/conditionneuse-format\\\/#primaryimage\"},\"image\":{\"@id\":\"https:\\\/\\\/www.tmeitaly.com\\\/fr\\\/produit\\\/conditionneuse-format\\\/#primaryimage\"},\"thumbnailUrl\":\"https:\\\/\\\/www.tmeitaly.com\\\/wp-content\\\/uploads\\\/2021\\\/06\\\/FORMAT-2020-TRASPARENZA_piedi-corti.jpg\",\"datePublished\":\"2021-06-16T13:23:20+00:00\",\"dateModified\":\"2025-08-25T07:35:30+00:00\",\"description\":\"Format \u00e8 la nostra completa linea di confezionamento in atmosfera personalizzabile per ogni esigenza.\",\"breadcrumb\":{\"@id\":\"https:\\\/\\\/www.tmeitaly.com\\\/fr\\\/produit\\\/conditionneuse-format\\\/#breadcrumb\"},\"inLanguage\":\"fr-FR\",\"potentialAction\":[{\"@type\":\"ReadAction\",\"target\":[\"https:\\\/\\\/www.tmeitaly.com\\\/fr\\\/produit\\\/conditionneuse-format\\\/\"]}]},{\"@type\":\"ImageObject\",\"inLanguage\":\"fr-FR\",\"@id\":\"https:\\\/\\\/www.tmeitaly.com\\\/fr\\\/produit\\\/conditionneuse-format\\\/#primaryimage\",\"url\":\"https:\\\/\\\/www.tmeitaly.com\\\/wp-content\\\/uploads\\\/2021\\\/06\\\/FORMAT-2020-TRASPARENZA_piedi-corti.jpg\",\"contentUrl\":\"https:\\\/\\\/www.tmeitaly.com\\\/wp-content\\\/uploads\\\/2021\\\/06\\\/FORMAT-2020-TRASPARENZA_piedi-corti.jpg\",\"width\":2000,\"height\":2000},{\"@type\":\"BreadcrumbList\",\"@id\":\"https:\\\/\\\/www.tmeitaly.com\\\/fr\\\/produit\\\/conditionneuse-format\\\/#breadcrumb\",\"itemListElement\":[{\"@type\":\"ListItem\",\"position\":1,\"name\":\"Home\",\"item\":\"https:\\\/\\\/www.tmeitaly.com\\\/fr\\\/\"},{\"@type\":\"ListItem\",\"position\":2,\"name\":\"Boutique\",\"item\":\"https:\\\/\\\/www.tmeitaly.com\\\/fr\\\/boutique\\\/\"},{\"@type\":\"ListItem\",\"position\":3,\"name\":\"Conditionneuse FORMAT\"}]},{\"@type\":\"WebSite\",\"@id\":\"https:\\\/\\\/www.tmeitaly.com\\\/fr\\\/#website\",\"url\":\"https:\\\/\\\/www.tmeitaly.com\\\/fr\\\/\",\"name\":\"TME Italy\",\"description\":\"\",\"publisher\":{\"@id\":\"https:\\\/\\\/www.tmeitaly.com\\\/fr\\\/#organization\"},\"potentialAction\":[{\"@type\":\"SearchAction\",\"target\":{\"@type\":\"EntryPoint\",\"urlTemplate\":\"https:\\\/\\\/www.tmeitaly.com\\\/fr\\\/?s={search_term_string}\"},\"query-input\":{\"@type\":\"PropertyValueSpecification\",\"valueRequired\":true,\"valueName\":\"search_term_string\"}}],\"inLanguage\":\"fr-FR\"},{\"@type\":\"Organization\",\"@id\":\"https:\\\/\\\/www.tmeitaly.com\\\/fr\\\/#organization\",\"name\":\"TME Italy\",\"url\":\"https:\\\/\\\/www.tmeitaly.com\\\/fr\\\/\",\"logo\":{\"@type\":\"ImageObject\",\"inLanguage\":\"fr-FR\",\"@id\":\"https:\\\/\\\/www.tmeitaly.com\\\/fr\\\/#\\\/schema\\\/logo\\\/image\\\/\",\"url\":\"https:\\\/\\\/www.tmeitaly.com\\\/wp-content\\\/uploads\\\/2021\\\/06\\\/cropped-logo.png\",\"contentUrl\":\"https:\\\/\\\/www.tmeitaly.com\\\/wp-content\\\/uploads\\\/2021\\\/06\\\/cropped-logo.png\",\"width\":248,\"height\":120,\"caption\":\"TME Italy\"},\"image\":{\"@id\":\"https:\\\/\\\/www.tmeitaly.com\\\/fr\\\/#\\\/schema\\\/logo\\\/image\\\/\"}}]}<\/script>\n<!-- \/ Yoast SEO plugin. -->","yoast_head_json":{"title":"Conditionneuse FORMAT - TME Italy","description":"Format \u00e8 la nostra completa linea di confezionamento in atmosfera personalizzabile per ogni esigenza.","robots":{"index":"index","follow":"follow","max-snippet":"max-snippet:-1","max-image-preview":"max-image-preview:large","max-video-preview":"max-video-preview:-1"},"canonical":"https:\/\/www.tmeitaly.com\/fr\/produit\/conditionneuse-format\/","og_locale":"fr_FR","og_type":"article","og_title":"Conditionneuse FORMAT - TME Italy","og_description":"Format \u00e8 la nostra completa linea di confezionamento in atmosfera personalizzabile per ogni esigenza.","og_url":"https:\/\/www.tmeitaly.com\/fr\/produit\/conditionneuse-format\/","og_site_name":"TME Italy","article_modified_time":"2025-08-25T07:35:30+00:00","og_image":[{"width":2000,"height":2000,"url":"https:\/\/www.tmeitaly.com\/wp-content\/uploads\/2021\/06\/FORMAT-2020-TRASPARENZA_piedi-corti.jpg","type":"image\/jpeg"}],"twitter_card":"summary_large_image","twitter_misc":{"Dur\u00e9e de lecture estim\u00e9e":"1 minute"},"schema":{"@context":"https:\/\/schema.org","@graph":[{"@type":"WebPage","@id":"https:\/\/www.tmeitaly.com\/fr\/produit\/conditionneuse-format\/","url":"https:\/\/www.tmeitaly.com\/fr\/produit\/conditionneuse-format\/","name":"Conditionneuse FORMAT - TME Italy","isPartOf":{"@id":"https:\/\/www.tmeitaly.com\/fr\/#website"},"primaryImageOfPage":{"@id":"https:\/\/www.tmeitaly.com\/fr\/produit\/conditionneuse-format\/#primaryimage"},"image":{"@id":"https:\/\/www.tmeitaly.com\/fr\/produit\/conditionneuse-format\/#primaryimage"},"thumbnailUrl":"https:\/\/www.tmeitaly.com\/wp-content\/uploads\/2021\/06\/FORMAT-2020-TRASPARENZA_piedi-corti.jpg","datePublished":"2021-06-16T13:23:20+00:00","dateModified":"2025-08-25T07:35:30+00:00","description":"Format \u00e8 la nostra completa linea di confezionamento in atmosfera personalizzabile per ogni esigenza.","breadcrumb":{"@id":"https:\/\/www.tmeitaly.com\/fr\/produit\/conditionneuse-format\/#breadcrumb"},"inLanguage":"fr-FR","potentialAction":[{"@type":"ReadAction","target":["https:\/\/www.tmeitaly.com\/fr\/produit\/conditionneuse-format\/"]}]},{"@type":"ImageObject","inLanguage":"fr-FR","@id":"https:\/\/www.tmeitaly.com\/fr\/produit\/conditionneuse-format\/#primaryimage","url":"https:\/\/www.tmeitaly.com\/wp-content\/uploads\/2021\/06\/FORMAT-2020-TRASPARENZA_piedi-corti.jpg","contentUrl":"https:\/\/www.tmeitaly.com\/wp-content\/uploads\/2021\/06\/FORMAT-2020-TRASPARENZA_piedi-corti.jpg","width":2000,"height":2000},{"@type":"BreadcrumbList","@id":"https:\/\/www.tmeitaly.com\/fr\/produit\/conditionneuse-format\/#breadcrumb","itemListElement":[{"@type":"ListItem","position":1,"name":"Home","item":"https:\/\/www.tmeitaly.com\/fr\/"},{"@type":"ListItem","position":2,"name":"Boutique","item":"https:\/\/www.tmeitaly.com\/fr\/boutique\/"},{"@type":"ListItem","position":3,"name":"Conditionneuse FORMAT"}]},{"@type":"WebSite","@id":"https:\/\/www.tmeitaly.com\/fr\/#website","url":"https:\/\/www.tmeitaly.com\/fr\/","name":"TME Italy","description":"","publisher":{"@id":"https:\/\/www.tmeitaly.com\/fr\/#organization"},"potentialAction":[{"@type":"SearchAction","target":{"@type":"EntryPoint","urlTemplate":"https:\/\/www.tmeitaly.com\/fr\/?s={search_term_string}"},"query-input":{"@type":"PropertyValueSpecification","valueRequired":true,"valueName":"search_term_string"}}],"inLanguage":"fr-FR"},{"@type":"Organization","@id":"https:\/\/www.tmeitaly.com\/fr\/#organization","name":"TME Italy","url":"https:\/\/www.tmeitaly.com\/fr\/","logo":{"@type":"ImageObject","inLanguage":"fr-FR","@id":"https:\/\/www.tmeitaly.com\/fr\/#\/schema\/logo\/image\/","url":"https:\/\/www.tmeitaly.com\/wp-content\/uploads\/2021\/06\/cropped-logo.png","contentUrl":"https:\/\/www.tmeitaly.com\/wp-content\/uploads\/2021\/06\/cropped-logo.png","width":248,"height":120,"caption":"TME Italy"},"image":{"@id":"https:\/\/www.tmeitaly.com\/fr\/#\/schema\/logo\/image\/"}}]}},"_links":{"self":[{"href":"https:\/\/www.tmeitaly.com\/fr\/wp-json\/wp\/v2\/product\/1363","targetHints":{"allow":["GET"]}}],"collection":[{"href":"https:\/\/www.tmeitaly.com\/fr\/wp-json\/wp\/v2\/product"}],"about":[{"href":"https:\/\/www.tmeitaly.com\/fr\/wp-json\/wp\/v2\/types\/product"}],"wp:featuredmedia":[{"embeddable":true,"href":"https:\/\/www.tmeitaly.com\/fr\/wp-json\/wp\/v2\/media\/1365"}],"wp:attachment":[{"href":"https:\/\/www.tmeitaly.com\/fr\/wp-json\/wp\/v2\/media?parent=1363"}],"wp:term":[{"taxonomy":"product_cat","embeddable":true,"href":"https:\/\/www.tmeitaly.com\/fr\/wp-json\/wp\/v2\/product_cat?post=1363"},{"taxonomy":"product_tag","embeddable":true,"href":"https:\/\/www.tmeitaly.com\/fr\/wp-json\/wp\/v2\/product_tag?post=1363"}],"curies":[{"name":"wp","href":"https:\/\/api.w.org\/{rel}","templated":true}]}}