{"id":1340,"date":"2021-06-16T15:16:49","date_gmt":"2021-06-16T13:16:49","guid":{"rendered":"https:\/\/www.tmeitaly.com\/prodotto\/htn\/"},"modified":"2025-08-25T09:38:59","modified_gmt":"2025-08-25T07:38:59","slug":"conditionneuse-htn","status":"publish","type":"product","link":"https:\/\/www.tmeitaly.com\/fr\/produit\/conditionneuse-htn\/","title":{"rendered":"Conditionneuse HTN"},"content":{"rendered":"<p class=\"whitespace-normal break-words\">La <strong>ligne de <b>conditionnement<\/b> capsules HTN<\/strong> na\u00eet de l&rsquo;exp\u00e9rience consolid\u00e9e de TME sur le march\u00e9 des produits monodose, offrant flexibilit\u00e9 et innovation pour diverses exigences productives.<\/p>\n<ul class=\"[&amp;:not(:last-child)_ul]:pb-1 [&amp;:not(:last-child)_ol]:pb-1 list-disc space-y-1.5 pl-7\">\n<li class=\"whitespace-normal break-words\"><strong>Vitesses productives diff\u00e9renci\u00e9es:<\/strong>\n<ul class=\"[&amp;:not(:last-child)_ul]:pb-1 [&amp;:not(:last-child)_ol]:pb-1 list-disc space-y-1.5 pl-7\">\n<li class=\"whitespace-normal break-words\"><strong>HTN1:<\/strong>\u00a0jusqu&rsquo;\u00e0 80 capsules\/min (4 800 capsules\/heure)<\/li>\n<li class=\"whitespace-normal break-words\"><strong>HTN2:<\/strong>\u00a0jusqu&rsquo;\u00e0 160 capsules\/min (9 600 capsules\/heure)<\/li>\n<\/ul>\n<\/li>\n<li class=\"whitespace-normal break-words\"><strong>Compatibilit\u00e9 universelle:<\/strong>\u00a0traitement complet de tous les mod\u00e8les de capsule et mat\u00e9riaux (plastique, compostable, aluminium), avec ou sans barri\u00e8re<\/li>\n<li class=\"whitespace-normal break-words\"><strong>Polyvalence de produit:<\/strong>\u00a0capacit\u00e9 d&#8217;emballage pour caf\u00e9, solubles, th\u00e9 et tisanes<\/li>\n<li class=\"whitespace-normal break-words\"><strong>Syst\u00e8me de changement de format innovant:<\/strong>\u00a0op\u00e9rations faciles et rapides \u00e0 partir d&rsquo;une seule heure<\/li>\n<li class=\"whitespace-normal break-words\"><strong>Syst\u00e8me de dosage avanc\u00e9:<\/strong>\u00a0vis sans fin avec motorisation brushless pour pr\u00e9cision optimale<\/li>\n<li class=\"whitespace-normal break-words\"><strong>Contr\u00f4le qualit\u00e9 sup\u00e9rieur:<\/strong>\u00a0station d&rsquo;aspiration et nettoyage du caf\u00e9 en exc\u00e8s pour qualit\u00e9 de soudure optimale<\/li>\n<li class=\"whitespace-normal break-words\"><strong>Conservation de l&rsquo;ar\u00f4me:<\/strong>\u00a0dispositif d&rsquo;injection de gaz inerte pour maintien prolong\u00e9 des caract\u00e9ristiques organoleptiques<\/li>\n<li class=\"whitespace-normal break-words\"><strong>Contr\u00f4le poids en option:<\/strong>\u00a0syst\u00e8me avec feedback et \u00e9vacuation automatique des capsules hors tol\u00e9rance<\/li>\n<li class=\"whitespace-normal break-words\"><strong>Int\u00e9gration avec syst\u00e8mes de fin de ligne:<\/strong>\n<ul class=\"[&amp;:not(:last-child)_ul]:pb-1 [&amp;:not(:last-child)_ol]:pb-1 list-disc space-y-1.5 pl-7\">\n<li class=\"whitespace-normal break-words\">Emballeuse verticale pour sachets avec capsule individuelle<\/li>\n<li class=\"whitespace-normal break-words\">Emballeuse verticale pour sachets \u00e0 quatre angles<\/li>\n<li class=\"whitespace-normal break-words\">\u00c9tuieuse pour emballage primaire<\/li>\n<\/ul>\n<\/li>\n<\/ul>\n","protected":false},"excerpt":{"rendered":"<p class=\"p1\">Ligne de conditionnement souple et efficace adapt\u00e9e \u00e0 tous les types de capsules.<\/p>\n","protected":false},"featured_media":1341,"template":"","meta":[],"product_cat":[76,77,78,79,80,81,82],"product_tag":[],"class_list":["post-1340","product","type-product","status-publish","has-post-thumbnail","hentry","product_cat-cafe-moulu","product_cat-chocolat-soluble","product_cat-complements-alimentaires-solubles-pour-le-sport","product_cat-lait-soluble","product_cat-lignes-de-conditionnement-pour-monodoses","product_cat-produits-en-feuilles","product_cat-soupes-solubles"],"yoast_head":"<!-- This site is optimized with the Yoast SEO plugin v27.4 - https:\/\/yoast.com\/product\/yoast-seo-wordpress\/ -->\n<title>Conditionneuse HTN - TME Italy<\/title>\n<meta name=\"description\" content=\"HTN \u00e8 la nostra flessibile ed efficiente linea di confezionamento adatta ad ogni tipo di capsule.\" \/>\n<meta name=\"robots\" content=\"index, follow, max-snippet:-1, max-image-preview:large, max-video-preview:-1\" \/>\n<link rel=\"canonical\" href=\"https:\/\/www.tmeitaly.com\/fr\/produit\/conditionneuse-htn\/\" \/>\n<meta property=\"og:locale\" content=\"fr_FR\" \/>\n<meta property=\"og:type\" content=\"article\" \/>\n<meta property=\"og:title\" content=\"Conditionneuse HTN - TME Italy\" \/>\n<meta property=\"og:description\" content=\"HTN \u00e8 la nostra flessibile ed efficiente linea di confezionamento adatta ad ogni tipo di capsule.\" \/>\n<meta property=\"og:url\" content=\"https:\/\/www.tmeitaly.com\/fr\/produit\/conditionneuse-htn\/\" \/>\n<meta property=\"og:site_name\" content=\"TME Italy\" \/>\n<meta property=\"article:modified_time\" content=\"2025-08-25T07:38:59+00:00\" \/>\n<meta property=\"og:image\" content=\"https:\/\/www.tmeitaly.com\/wp-content\/uploads\/2021\/06\/HTN-HTN-2.jpg\" \/>\n\t<meta property=\"og:image:width\" content=\"2000\" \/>\n\t<meta property=\"og:image:height\" content=\"2000\" \/>\n\t<meta property=\"og:image:type\" content=\"image\/jpeg\" \/>\n<meta name=\"twitter:card\" content=\"summary_large_image\" \/>\n<meta name=\"twitter:label1\" content=\"Dur\u00e9e de lecture estim\u00e9e\" \/>\n\t<meta name=\"twitter:data1\" content=\"1 minute\" \/>\n<script type=\"application\/ld+json\" class=\"yoast-schema-graph\">{\"@context\":\"https:\\\/\\\/schema.org\",\"@graph\":[{\"@type\":\"WebPage\",\"@id\":\"https:\\\/\\\/www.tmeitaly.com\\\/fr\\\/produit\\\/conditionneuse-htn\\\/\",\"url\":\"https:\\\/\\\/www.tmeitaly.com\\\/fr\\\/produit\\\/conditionneuse-htn\\\/\",\"name\":\"Conditionneuse HTN - TME Italy\",\"isPartOf\":{\"@id\":\"https:\\\/\\\/www.tmeitaly.com\\\/fr\\\/#website\"},\"primaryImageOfPage\":{\"@id\":\"https:\\\/\\\/www.tmeitaly.com\\\/fr\\\/produit\\\/conditionneuse-htn\\\/#primaryimage\"},\"image\":{\"@id\":\"https:\\\/\\\/www.tmeitaly.com\\\/fr\\\/produit\\\/conditionneuse-htn\\\/#primaryimage\"},\"thumbnailUrl\":\"https:\\\/\\\/www.tmeitaly.com\\\/wp-content\\\/uploads\\\/2021\\\/06\\\/HTN-HTN-2.jpg\",\"datePublished\":\"2021-06-16T13:16:49+00:00\",\"dateModified\":\"2025-08-25T07:38:59+00:00\",\"description\":\"HTN \u00e8 la nostra flessibile ed efficiente linea di confezionamento adatta ad ogni tipo di capsule.\",\"breadcrumb\":{\"@id\":\"https:\\\/\\\/www.tmeitaly.com\\\/fr\\\/produit\\\/conditionneuse-htn\\\/#breadcrumb\"},\"inLanguage\":\"fr-FR\",\"potentialAction\":[{\"@type\":\"ReadAction\",\"target\":[\"https:\\\/\\\/www.tmeitaly.com\\\/fr\\\/produit\\\/conditionneuse-htn\\\/\"]}]},{\"@type\":\"ImageObject\",\"inLanguage\":\"fr-FR\",\"@id\":\"https:\\\/\\\/www.tmeitaly.com\\\/fr\\\/produit\\\/conditionneuse-htn\\\/#primaryimage\",\"url\":\"https:\\\/\\\/www.tmeitaly.com\\\/wp-content\\\/uploads\\\/2021\\\/06\\\/HTN-HTN-2.jpg\",\"contentUrl\":\"https:\\\/\\\/www.tmeitaly.com\\\/wp-content\\\/uploads\\\/2021\\\/06\\\/HTN-HTN-2.jpg\",\"width\":2000,\"height\":2000},{\"@type\":\"BreadcrumbList\",\"@id\":\"https:\\\/\\\/www.tmeitaly.com\\\/fr\\\/produit\\\/conditionneuse-htn\\\/#breadcrumb\",\"itemListElement\":[{\"@type\":\"ListItem\",\"position\":1,\"name\":\"Home\",\"item\":\"https:\\\/\\\/www.tmeitaly.com\\\/fr\\\/\"},{\"@type\":\"ListItem\",\"position\":2,\"name\":\"Boutique\",\"item\":\"https:\\\/\\\/www.tmeitaly.com\\\/fr\\\/boutique\\\/\"},{\"@type\":\"ListItem\",\"position\":3,\"name\":\"Conditionneuse HTN\"}]},{\"@type\":\"WebSite\",\"@id\":\"https:\\\/\\\/www.tmeitaly.com\\\/fr\\\/#website\",\"url\":\"https:\\\/\\\/www.tmeitaly.com\\\/fr\\\/\",\"name\":\"TME Italy\",\"description\":\"\",\"publisher\":{\"@id\":\"https:\\\/\\\/www.tmeitaly.com\\\/fr\\\/#organization\"},\"potentialAction\":[{\"@type\":\"SearchAction\",\"target\":{\"@type\":\"EntryPoint\",\"urlTemplate\":\"https:\\\/\\\/www.tmeitaly.com\\\/fr\\\/?s={search_term_string}\"},\"query-input\":{\"@type\":\"PropertyValueSpecification\",\"valueRequired\":true,\"valueName\":\"search_term_string\"}}],\"inLanguage\":\"fr-FR\"},{\"@type\":\"Organization\",\"@id\":\"https:\\\/\\\/www.tmeitaly.com\\\/fr\\\/#organization\",\"name\":\"TME Italy\",\"url\":\"https:\\\/\\\/www.tmeitaly.com\\\/fr\\\/\",\"logo\":{\"@type\":\"ImageObject\",\"inLanguage\":\"fr-FR\",\"@id\":\"https:\\\/\\\/www.tmeitaly.com\\\/fr\\\/#\\\/schema\\\/logo\\\/image\\\/\",\"url\":\"https:\\\/\\\/www.tmeitaly.com\\\/wp-content\\\/uploads\\\/2021\\\/06\\\/cropped-logo.png\",\"contentUrl\":\"https:\\\/\\\/www.tmeitaly.com\\\/wp-content\\\/uploads\\\/2021\\\/06\\\/cropped-logo.png\",\"width\":248,\"height\":120,\"caption\":\"TME Italy\"},\"image\":{\"@id\":\"https:\\\/\\\/www.tmeitaly.com\\\/fr\\\/#\\\/schema\\\/logo\\\/image\\\/\"}}]}<\/script>\n<!-- \/ Yoast SEO plugin. -->","yoast_head_json":{"title":"Conditionneuse HTN - TME Italy","description":"HTN \u00e8 la nostra flessibile ed efficiente linea di confezionamento adatta ad ogni tipo di capsule.","robots":{"index":"index","follow":"follow","max-snippet":"max-snippet:-1","max-image-preview":"max-image-preview:large","max-video-preview":"max-video-preview:-1"},"canonical":"https:\/\/www.tmeitaly.com\/fr\/produit\/conditionneuse-htn\/","og_locale":"fr_FR","og_type":"article","og_title":"Conditionneuse HTN - TME Italy","og_description":"HTN \u00e8 la nostra flessibile ed efficiente linea di confezionamento adatta ad ogni tipo di capsule.","og_url":"https:\/\/www.tmeitaly.com\/fr\/produit\/conditionneuse-htn\/","og_site_name":"TME Italy","article_modified_time":"2025-08-25T07:38:59+00:00","og_image":[{"width":2000,"height":2000,"url":"https:\/\/www.tmeitaly.com\/wp-content\/uploads\/2021\/06\/HTN-HTN-2.jpg","type":"image\/jpeg"}],"twitter_card":"summary_large_image","twitter_misc":{"Dur\u00e9e de lecture estim\u00e9e":"1 minute"},"schema":{"@context":"https:\/\/schema.org","@graph":[{"@type":"WebPage","@id":"https:\/\/www.tmeitaly.com\/fr\/produit\/conditionneuse-htn\/","url":"https:\/\/www.tmeitaly.com\/fr\/produit\/conditionneuse-htn\/","name":"Conditionneuse HTN - TME Italy","isPartOf":{"@id":"https:\/\/www.tmeitaly.com\/fr\/#website"},"primaryImageOfPage":{"@id":"https:\/\/www.tmeitaly.com\/fr\/produit\/conditionneuse-htn\/#primaryimage"},"image":{"@id":"https:\/\/www.tmeitaly.com\/fr\/produit\/conditionneuse-htn\/#primaryimage"},"thumbnailUrl":"https:\/\/www.tmeitaly.com\/wp-content\/uploads\/2021\/06\/HTN-HTN-2.jpg","datePublished":"2021-06-16T13:16:49+00:00","dateModified":"2025-08-25T07:38:59+00:00","description":"HTN \u00e8 la nostra flessibile ed efficiente linea di confezionamento adatta ad ogni tipo di capsule.","breadcrumb":{"@id":"https:\/\/www.tmeitaly.com\/fr\/produit\/conditionneuse-htn\/#breadcrumb"},"inLanguage":"fr-FR","potentialAction":[{"@type":"ReadAction","target":["https:\/\/www.tmeitaly.com\/fr\/produit\/conditionneuse-htn\/"]}]},{"@type":"ImageObject","inLanguage":"fr-FR","@id":"https:\/\/www.tmeitaly.com\/fr\/produit\/conditionneuse-htn\/#primaryimage","url":"https:\/\/www.tmeitaly.com\/wp-content\/uploads\/2021\/06\/HTN-HTN-2.jpg","contentUrl":"https:\/\/www.tmeitaly.com\/wp-content\/uploads\/2021\/06\/HTN-HTN-2.jpg","width":2000,"height":2000},{"@type":"BreadcrumbList","@id":"https:\/\/www.tmeitaly.com\/fr\/produit\/conditionneuse-htn\/#breadcrumb","itemListElement":[{"@type":"ListItem","position":1,"name":"Home","item":"https:\/\/www.tmeitaly.com\/fr\/"},{"@type":"ListItem","position":2,"name":"Boutique","item":"https:\/\/www.tmeitaly.com\/fr\/boutique\/"},{"@type":"ListItem","position":3,"name":"Conditionneuse HTN"}]},{"@type":"WebSite","@id":"https:\/\/www.tmeitaly.com\/fr\/#website","url":"https:\/\/www.tmeitaly.com\/fr\/","name":"TME Italy","description":"","publisher":{"@id":"https:\/\/www.tmeitaly.com\/fr\/#organization"},"potentialAction":[{"@type":"SearchAction","target":{"@type":"EntryPoint","urlTemplate":"https:\/\/www.tmeitaly.com\/fr\/?s={search_term_string}"},"query-input":{"@type":"PropertyValueSpecification","valueRequired":true,"valueName":"search_term_string"}}],"inLanguage":"fr-FR"},{"@type":"Organization","@id":"https:\/\/www.tmeitaly.com\/fr\/#organization","name":"TME Italy","url":"https:\/\/www.tmeitaly.com\/fr\/","logo":{"@type":"ImageObject","inLanguage":"fr-FR","@id":"https:\/\/www.tmeitaly.com\/fr\/#\/schema\/logo\/image\/","url":"https:\/\/www.tmeitaly.com\/wp-content\/uploads\/2021\/06\/cropped-logo.png","contentUrl":"https:\/\/www.tmeitaly.com\/wp-content\/uploads\/2021\/06\/cropped-logo.png","width":248,"height":120,"caption":"TME Italy"},"image":{"@id":"https:\/\/www.tmeitaly.com\/fr\/#\/schema\/logo\/image\/"}}]}},"_links":{"self":[{"href":"https:\/\/www.tmeitaly.com\/fr\/wp-json\/wp\/v2\/product\/1340","targetHints":{"allow":["GET"]}}],"collection":[{"href":"https:\/\/www.tmeitaly.com\/fr\/wp-json\/wp\/v2\/product"}],"about":[{"href":"https:\/\/www.tmeitaly.com\/fr\/wp-json\/wp\/v2\/types\/product"}],"wp:featuredmedia":[{"embeddable":true,"href":"https:\/\/www.tmeitaly.com\/fr\/wp-json\/wp\/v2\/media\/1341"}],"wp:attachment":[{"href":"https:\/\/www.tmeitaly.com\/fr\/wp-json\/wp\/v2\/media?parent=1340"}],"wp:term":[{"taxonomy":"product_cat","embeddable":true,"href":"https:\/\/www.tmeitaly.com\/fr\/wp-json\/wp\/v2\/product_cat?post=1340"},{"taxonomy":"product_tag","embeddable":true,"href":"https:\/\/www.tmeitaly.com\/fr\/wp-json\/wp\/v2\/product_tag?post=1340"}],"curies":[{"name":"wp","href":"https:\/\/api.w.org\/{rel}","templated":true}]}}