{"id":1289,"date":"2021-07-13T13:03:42","date_gmt":"2021-07-13T11:03:42","guid":{"rendered":"https:\/\/www.tmeitaly.com\/news-e-eventi\/"},"modified":"2021-11-19T10:53:53","modified_gmt":"2021-11-19T09:53:53","slug":"news-e-eventi","status":"publish","type":"page","link":"https:\/\/www.tmeitaly.com\/fr\/news-e-eventi\/","title":{"rendered":"News &#038; \u00e9v\u00e9nements"},"content":{"rendered":"","protected":false},"excerpt":{"rendered":"","protected":false},"author":1,"featured_media":0,"parent":0,"menu_order":0,"comment_status":"closed","ping_status":"closed","template":"templates\/template-news.php","meta":{"footnotes":""},"class_list":["post-1289","page","type-page","status-publish","hentry"],"yoast_head":"<!-- This site is optimized with the Yoast SEO plugin v27.4 - https:\/\/yoast.com\/product\/yoast-seo-wordpress\/ -->\n<title>News &amp; \u00e9v\u00e9nements - TME Italy<\/title>\n<meta name=\"description\" content=\"TME organise et participe \u00e0 de nombreux \u00e9v\u00e9nements et salons du secteur. Sachez constamment l\u00e0 o\u00f9 nous nous trouvons.\" \/>\n<meta name=\"robots\" content=\"index, follow, max-snippet:-1, max-image-preview:large, max-video-preview:-1\" \/>\n<link rel=\"canonical\" href=\"https:\/\/www.tmeitaly.com\/fr\/news-e-eventi\/\" \/>\n<meta property=\"og:locale\" content=\"fr_FR\" \/>\n<meta property=\"og:type\" content=\"article\" \/>\n<meta property=\"og:title\" content=\"News &amp; \u00e9v\u00e9nements - TME Italy\" \/>\n<meta property=\"og:description\" content=\"TME organise et participe \u00e0 de nombreux \u00e9v\u00e9nements et salons du secteur. Sachez constamment l\u00e0 o\u00f9 nous nous trouvons.\" \/>\n<meta property=\"og:url\" content=\"https:\/\/www.tmeitaly.com\/fr\/news-e-eventi\/\" \/>\n<meta property=\"og:site_name\" content=\"TME Italy\" \/>\n<meta property=\"article:modified_time\" content=\"2021-11-19T09:53:53+00:00\" \/>\n<meta name=\"twitter:card\" content=\"summary_large_image\" \/>\n<script type=\"application\/ld+json\" class=\"yoast-schema-graph\">{\"@context\":\"https:\\\/\\\/schema.org\",\"@graph\":[{\"@type\":\"WebPage\",\"@id\":\"https:\\\/\\\/www.tmeitaly.com\\\/fr\\\/news-e-eventi\\\/\",\"url\":\"https:\\\/\\\/www.tmeitaly.com\\\/fr\\\/news-e-eventi\\\/\",\"name\":\"News & \u00e9v\u00e9nements - TME Italy\",\"isPartOf\":{\"@id\":\"https:\\\/\\\/www.tmeitaly.com\\\/fr\\\/#website\"},\"datePublished\":\"2021-07-13T11:03:42+00:00\",\"dateModified\":\"2021-11-19T09:53:53+00:00\",\"description\":\"TME organise et participe \u00e0 de nombreux \u00e9v\u00e9nements et salons du secteur. Sachez constamment l\u00e0 o\u00f9 nous nous trouvons.\",\"breadcrumb\":{\"@id\":\"https:\\\/\\\/www.tmeitaly.com\\\/fr\\\/news-e-eventi\\\/#breadcrumb\"},\"inLanguage\":\"fr-FR\",\"potentialAction\":[{\"@type\":\"ReadAction\",\"target\":[\"https:\\\/\\\/www.tmeitaly.com\\\/fr\\\/news-e-eventi\\\/\"]}]},{\"@type\":\"BreadcrumbList\",\"@id\":\"https:\\\/\\\/www.tmeitaly.com\\\/fr\\\/news-e-eventi\\\/#breadcrumb\",\"itemListElement\":[{\"@type\":\"ListItem\",\"position\":1,\"name\":\"Home\",\"item\":\"https:\\\/\\\/www.tmeitaly.com\\\/fr\\\/\"},{\"@type\":\"ListItem\",\"position\":2,\"name\":\"News &#038; \u00e9v\u00e9nements\"}]},{\"@type\":\"WebSite\",\"@id\":\"https:\\\/\\\/www.tmeitaly.com\\\/fr\\\/#website\",\"url\":\"https:\\\/\\\/www.tmeitaly.com\\\/fr\\\/\",\"name\":\"TME Italy\",\"description\":\"\",\"publisher\":{\"@id\":\"https:\\\/\\\/www.tmeitaly.com\\\/fr\\\/#organization\"},\"potentialAction\":[{\"@type\":\"SearchAction\",\"target\":{\"@type\":\"EntryPoint\",\"urlTemplate\":\"https:\\\/\\\/www.tmeitaly.com\\\/fr\\\/?s={search_term_string}\"},\"query-input\":{\"@type\":\"PropertyValueSpecification\",\"valueRequired\":true,\"valueName\":\"search_term_string\"}}],\"inLanguage\":\"fr-FR\"},{\"@type\":\"Organization\",\"@id\":\"https:\\\/\\\/www.tmeitaly.com\\\/fr\\\/#organization\",\"name\":\"TME Italy\",\"url\":\"https:\\\/\\\/www.tmeitaly.com\\\/fr\\\/\",\"logo\":{\"@type\":\"ImageObject\",\"inLanguage\":\"fr-FR\",\"@id\":\"https:\\\/\\\/www.tmeitaly.com\\\/fr\\\/#\\\/schema\\\/logo\\\/image\\\/\",\"url\":\"https:\\\/\\\/www.tmeitaly.com\\\/wp-content\\\/uploads\\\/2021\\\/06\\\/cropped-logo.png\",\"contentUrl\":\"https:\\\/\\\/www.tmeitaly.com\\\/wp-content\\\/uploads\\\/2021\\\/06\\\/cropped-logo.png\",\"width\":248,\"height\":120,\"caption\":\"TME Italy\"},\"image\":{\"@id\":\"https:\\\/\\\/www.tmeitaly.com\\\/fr\\\/#\\\/schema\\\/logo\\\/image\\\/\"}}]}<\/script>\n<!-- \/ Yoast SEO plugin. -->","yoast_head_json":{"title":"News & \u00e9v\u00e9nements - TME Italy","description":"TME organise et participe \u00e0 de nombreux \u00e9v\u00e9nements et salons du secteur. Sachez constamment l\u00e0 o\u00f9 nous nous trouvons.","robots":{"index":"index","follow":"follow","max-snippet":"max-snippet:-1","max-image-preview":"max-image-preview:large","max-video-preview":"max-video-preview:-1"},"canonical":"https:\/\/www.tmeitaly.com\/fr\/news-e-eventi\/","og_locale":"fr_FR","og_type":"article","og_title":"News & \u00e9v\u00e9nements - TME Italy","og_description":"TME organise et participe \u00e0 de nombreux \u00e9v\u00e9nements et salons du secteur. Sachez constamment l\u00e0 o\u00f9 nous nous trouvons.","og_url":"https:\/\/www.tmeitaly.com\/fr\/news-e-eventi\/","og_site_name":"TME Italy","article_modified_time":"2021-11-19T09:53:53+00:00","twitter_card":"summary_large_image","schema":{"@context":"https:\/\/schema.org","@graph":[{"@type":"WebPage","@id":"https:\/\/www.tmeitaly.com\/fr\/news-e-eventi\/","url":"https:\/\/www.tmeitaly.com\/fr\/news-e-eventi\/","name":"News & \u00e9v\u00e9nements - TME Italy","isPartOf":{"@id":"https:\/\/www.tmeitaly.com\/fr\/#website"},"datePublished":"2021-07-13T11:03:42+00:00","dateModified":"2021-11-19T09:53:53+00:00","description":"TME organise et participe \u00e0 de nombreux \u00e9v\u00e9nements et salons du secteur. Sachez constamment l\u00e0 o\u00f9 nous nous trouvons.","breadcrumb":{"@id":"https:\/\/www.tmeitaly.com\/fr\/news-e-eventi\/#breadcrumb"},"inLanguage":"fr-FR","potentialAction":[{"@type":"ReadAction","target":["https:\/\/www.tmeitaly.com\/fr\/news-e-eventi\/"]}]},{"@type":"BreadcrumbList","@id":"https:\/\/www.tmeitaly.com\/fr\/news-e-eventi\/#breadcrumb","itemListElement":[{"@type":"ListItem","position":1,"name":"Home","item":"https:\/\/www.tmeitaly.com\/fr\/"},{"@type":"ListItem","position":2,"name":"News &#038; \u00e9v\u00e9nements"}]},{"@type":"WebSite","@id":"https:\/\/www.tmeitaly.com\/fr\/#website","url":"https:\/\/www.tmeitaly.com\/fr\/","name":"TME Italy","description":"","publisher":{"@id":"https:\/\/www.tmeitaly.com\/fr\/#organization"},"potentialAction":[{"@type":"SearchAction","target":{"@type":"EntryPoint","urlTemplate":"https:\/\/www.tmeitaly.com\/fr\/?s={search_term_string}"},"query-input":{"@type":"PropertyValueSpecification","valueRequired":true,"valueName":"search_term_string"}}],"inLanguage":"fr-FR"},{"@type":"Organization","@id":"https:\/\/www.tmeitaly.com\/fr\/#organization","name":"TME Italy","url":"https:\/\/www.tmeitaly.com\/fr\/","logo":{"@type":"ImageObject","inLanguage":"fr-FR","@id":"https:\/\/www.tmeitaly.com\/fr\/#\/schema\/logo\/image\/","url":"https:\/\/www.tmeitaly.com\/wp-content\/uploads\/2021\/06\/cropped-logo.png","contentUrl":"https:\/\/www.tmeitaly.com\/wp-content\/uploads\/2021\/06\/cropped-logo.png","width":248,"height":120,"caption":"TME Italy"},"image":{"@id":"https:\/\/www.tmeitaly.com\/fr\/#\/schema\/logo\/image\/"}}]}},"_links":{"self":[{"href":"https:\/\/www.tmeitaly.com\/fr\/wp-json\/wp\/v2\/pages\/1289","targetHints":{"allow":["GET"]}}],"collection":[{"href":"https:\/\/www.tmeitaly.com\/fr\/wp-json\/wp\/v2\/pages"}],"about":[{"href":"https:\/\/www.tmeitaly.com\/fr\/wp-json\/wp\/v2\/types\/page"}],"author":[{"embeddable":true,"href":"https:\/\/www.tmeitaly.com\/fr\/wp-json\/wp\/v2\/users\/1"}],"replies":[{"embeddable":true,"href":"https:\/\/www.tmeitaly.com\/fr\/wp-json\/wp\/v2\/comments?post=1289"}],"version-history":[{"count":2,"href":"https:\/\/www.tmeitaly.com\/fr\/wp-json\/wp\/v2\/pages\/1289\/revisions"}],"predecessor-version":[{"id":1291,"href":"https:\/\/www.tmeitaly.com\/fr\/wp-json\/wp\/v2\/pages\/1289\/revisions\/1291"}],"wp:attachment":[{"href":"https:\/\/www.tmeitaly.com\/fr\/wp-json\/wp\/v2\/media?parent=1289"}],"curies":[{"name":"wp","href":"https:\/\/api.w.org\/{rel}","templated":true}]}}