{"id":1998,"date":"2025-08-01T12:48:29","date_gmt":"2025-08-01T10:48:29","guid":{"rendered":"https:\/\/www.tmeitaly.com\/?post_type=product&#038;p=1998"},"modified":"2025-08-25T10:33:30","modified_gmt":"2025-08-25T08:33:30","slug":"envasadora-htf","status":"publish","type":"product","link":"https:\/\/www.tmeitaly.com\/es\/producto\/envasadora-htf\/","title":{"rendered":"Envasadora HTF"},"content":{"rendered":"<p data-start=\"62\" data-end=\"253\">La <strong>l\u00ednea de envasado de c\u00e1psulas HTF<\/strong> est\u00e1 dise\u00f1ada para garantizar higiene, precisi\u00f3n y adaptabilidad a diferentes tipos de c\u00e1psulas y aplicaciones, incluso a altas velocidades de producci\u00f3n.<\/p>\n<ul data-start=\"255\" data-end=\"1093\">\n<li data-start=\"255\" data-end=\"356\">\n<p data-start=\"257\" data-end=\"356\"><strong>Velocidad de producci\u00f3n escalable:<\/strong> de 100 a 600 c\u00e1psulas\/minuto (de 1.600 a 36.000 c\u00e1psulas\/hora)<\/p>\n<\/li>\n<li data-start=\"357\" data-end=\"462\">\n<p data-start=\"359\" data-end=\"462\"><strong>Compatibilidad con todo tipo de c\u00e1psulas<\/strong>, gracias a un sistema de orientaci\u00f3n mec\u00e1nico personalizable<\/p>\n<\/li>\n<li data-start=\"463\" data-end=\"611\">\n<p data-start=\"465\" data-end=\"611\"><strong>Dosificador con carrito extra\u00edble:<\/strong> sistema independiente, f\u00e1cilmente desmontable para limpieza y mantenimiento, con conexi\u00f3n r\u00e1pida tipo plug-in<\/p>\n<\/li>\n<li data-start=\"612\" data-end=\"708\">\n<p data-start=\"614\" data-end=\"708\"><strong>L\u00e1mparas UV opcionales<\/strong> para la sanitizaci\u00f3n de la c\u00e1psula y la tapa con eficacia hasta Log 4<\/p>\n<\/li>\n<li><strong>Sistema de corte y sellado de la tapa<\/strong> con posibilidad de:\n<ul class=\"ul1\">\n<li class=\"li1\">Termosellado<\/li>\n<li class=\"li1\">Soldadura ultras\u00f3nica<\/li>\n<\/ul>\n<\/li>\n<li data-start=\"818\" data-end=\"894\">\n<p data-start=\"820\" data-end=\"894\"><strong>Sistema de centrado de la tapa<\/strong> para una personalizaci\u00f3n gr\u00e1fica perfecta<\/p>\n<\/li>\n<li data-start=\"895\" data-end=\"984\">\n<p data-start=\"897\" data-end=\"984\"><strong>Optimizaci\u00f3n del desperdicio del material de cobertura<\/strong> para reducir residuos y costes<\/p>\n<\/li>\n<li data-start=\"985\" data-end=\"1093\">\n<p data-start=\"987\" data-end=\"1093\"><strong>Modularidad<\/strong> y posibilidad de integraci\u00f3n con sistemas de l\u00ednea final (encajonado, empaquetado, paletizado)<\/p>\n<\/li>\n<\/ul>\n<p><a class=\"button\" style=\"margin-top: 15px !important; padding: 15px 30px; background: #009fe3; text-transform: uppercase; font-size: 30px; line-height: 24px; color: #ffffff; text-decoration: none; position: relative; display: inline-block;\" href=\"https:\/\/www.tmeitaly.com\/wp-content\/uploads\/2025\/08\/HTF_PRODOTTI_VISCOSI.pdf\" target=\"_blank\" rel=\"noopener\"> Folleto de producto <\/a><\/p>\n","protected":false},"excerpt":{"rendered":"<p>Nuestra l\u00ednea tecnol\u00f3gica y avanzada de envasado en c\u00e1psulas monodosis para productos l\u00edquidos y viscosos.<\/p>\n","protected":false},"featured_media":1974,"template":"","meta":[],"product_cat":[94,95,97,98,99,100,96],"product_tag":[],"class_list":["post-1998","product","type-product","status-publish","has-post-thumbnail","hentry","product_cat-cafe-molido","product_cat-chocolate-soluble","product_cat-leche-soluble","product_cat-lineas-de-envasado-para-monodosis","product_cat-productos-en-hojas","product_cat-sopas-solubles","product_cat-suplementos-deportivos-solubles"],"yoast_head":"<!-- This site is optimized with the Yoast SEO plugin v27.4 - https:\/\/yoast.com\/product\/yoast-seo-wordpress\/ -->\n<title>Envasadora HTF - TME Italy<\/title>\n<meta name=\"description\" content=\"Nuestra l\u00ednea tecnol\u00f3gica y avanzada de envasado en c\u00e1psulas monodosis para productos l\u00edquidos y viscosos.\" \/>\n<meta name=\"robots\" content=\"index, follow, max-snippet:-1, max-image-preview:large, max-video-preview:-1\" \/>\n<link rel=\"canonical\" href=\"https:\/\/www.tmeitaly.com\/es\/producto\/envasadora-htf\/\" \/>\n<meta property=\"og:locale\" content=\"es_ES\" \/>\n<meta property=\"og:type\" content=\"article\" \/>\n<meta property=\"og:title\" content=\"Envasadora HTF - TME Italy\" \/>\n<meta property=\"og:description\" content=\"Nuestra l\u00ednea tecnol\u00f3gica y avanzada de envasado en c\u00e1psulas monodosis para productos l\u00edquidos y viscosos.\" \/>\n<meta property=\"og:url\" content=\"https:\/\/www.tmeitaly.com\/es\/producto\/envasadora-htf\/\" \/>\n<meta property=\"og:site_name\" content=\"TME Italy\" \/>\n<meta property=\"article:modified_time\" content=\"2025-08-25T08:33:30+00:00\" \/>\n<meta property=\"og:image\" content=\"https:\/\/www.tmeitaly.com\/wp-content\/uploads\/2025\/08\/HTF.webp\" \/>\n\t<meta property=\"og:image:width\" content=\"1000\" \/>\n\t<meta property=\"og:image:height\" content=\"1000\" \/>\n\t<meta property=\"og:image:type\" content=\"image\/webp\" \/>\n<meta name=\"twitter:card\" content=\"summary_large_image\" \/>\n<meta name=\"twitter:label1\" content=\"Tiempo de lectura\" \/>\n\t<meta name=\"twitter:data1\" content=\"1 minuto\" \/>\n<script type=\"application\/ld+json\" class=\"yoast-schema-graph\">{\"@context\":\"https:\\\/\\\/schema.org\",\"@graph\":[{\"@type\":\"WebPage\",\"@id\":\"https:\\\/\\\/www.tmeitaly.com\\\/es\\\/producto\\\/envasadora-htf\\\/\",\"url\":\"https:\\\/\\\/www.tmeitaly.com\\\/es\\\/producto\\\/envasadora-htf\\\/\",\"name\":\"Envasadora HTF - TME Italy\",\"isPartOf\":{\"@id\":\"https:\\\/\\\/www.tmeitaly.com\\\/es\\\/#website\"},\"primaryImageOfPage\":{\"@id\":\"https:\\\/\\\/www.tmeitaly.com\\\/es\\\/producto\\\/envasadora-htf\\\/#primaryimage\"},\"image\":{\"@id\":\"https:\\\/\\\/www.tmeitaly.com\\\/es\\\/producto\\\/envasadora-htf\\\/#primaryimage\"},\"thumbnailUrl\":\"https:\\\/\\\/www.tmeitaly.com\\\/wp-content\\\/uploads\\\/2025\\\/08\\\/HTF.webp\",\"datePublished\":\"2025-08-01T10:48:29+00:00\",\"dateModified\":\"2025-08-25T08:33:30+00:00\",\"description\":\"Nuestra l\u00ednea tecnol\u00f3gica y avanzada de envasado en c\u00e1psulas monodosis para productos l\u00edquidos y viscosos.\",\"breadcrumb\":{\"@id\":\"https:\\\/\\\/www.tmeitaly.com\\\/es\\\/producto\\\/envasadora-htf\\\/#breadcrumb\"},\"inLanguage\":\"es\",\"potentialAction\":[{\"@type\":\"ReadAction\",\"target\":[\"https:\\\/\\\/www.tmeitaly.com\\\/es\\\/producto\\\/envasadora-htf\\\/\"]}]},{\"@type\":\"ImageObject\",\"inLanguage\":\"es\",\"@id\":\"https:\\\/\\\/www.tmeitaly.com\\\/es\\\/producto\\\/envasadora-htf\\\/#primaryimage\",\"url\":\"https:\\\/\\\/www.tmeitaly.com\\\/wp-content\\\/uploads\\\/2025\\\/08\\\/HTF.webp\",\"contentUrl\":\"https:\\\/\\\/www.tmeitaly.com\\\/wp-content\\\/uploads\\\/2025\\\/08\\\/HTF.webp\",\"width\":1000,\"height\":1000},{\"@type\":\"BreadcrumbList\",\"@id\":\"https:\\\/\\\/www.tmeitaly.com\\\/es\\\/producto\\\/envasadora-htf\\\/#breadcrumb\",\"itemListElement\":[{\"@type\":\"ListItem\",\"position\":1,\"name\":\"Home\",\"item\":\"https:\\\/\\\/www.tmeitaly.com\\\/es\\\/\"},{\"@type\":\"ListItem\",\"position\":2,\"name\":\"Shop\",\"item\":\"https:\\\/\\\/www.tmeitaly.com\\\/es\\\/negozio\\\/\"},{\"@type\":\"ListItem\",\"position\":3,\"name\":\"Envasadora HTF\"}]},{\"@type\":\"WebSite\",\"@id\":\"https:\\\/\\\/www.tmeitaly.com\\\/es\\\/#website\",\"url\":\"https:\\\/\\\/www.tmeitaly.com\\\/es\\\/\",\"name\":\"TME Italy\",\"description\":\"\",\"publisher\":{\"@id\":\"https:\\\/\\\/www.tmeitaly.com\\\/es\\\/#organization\"},\"potentialAction\":[{\"@type\":\"SearchAction\",\"target\":{\"@type\":\"EntryPoint\",\"urlTemplate\":\"https:\\\/\\\/www.tmeitaly.com\\\/es\\\/?s={search_term_string}\"},\"query-input\":{\"@type\":\"PropertyValueSpecification\",\"valueRequired\":true,\"valueName\":\"search_term_string\"}}],\"inLanguage\":\"es\"},{\"@type\":\"Organization\",\"@id\":\"https:\\\/\\\/www.tmeitaly.com\\\/es\\\/#organization\",\"name\":\"TME Italy\",\"url\":\"https:\\\/\\\/www.tmeitaly.com\\\/es\\\/\",\"logo\":{\"@type\":\"ImageObject\",\"inLanguage\":\"es\",\"@id\":\"https:\\\/\\\/www.tmeitaly.com\\\/es\\\/#\\\/schema\\\/logo\\\/image\\\/\",\"url\":\"https:\\\/\\\/www.tmeitaly.com\\\/wp-content\\\/uploads\\\/2021\\\/06\\\/cropped-logo.png\",\"contentUrl\":\"https:\\\/\\\/www.tmeitaly.com\\\/wp-content\\\/uploads\\\/2021\\\/06\\\/cropped-logo.png\",\"width\":248,\"height\":120,\"caption\":\"TME Italy\"},\"image\":{\"@id\":\"https:\\\/\\\/www.tmeitaly.com\\\/es\\\/#\\\/schema\\\/logo\\\/image\\\/\"}}]}<\/script>\n<!-- \/ Yoast SEO plugin. -->","yoast_head_json":{"title":"Envasadora HTF - TME Italy","description":"Nuestra l\u00ednea tecnol\u00f3gica y avanzada de envasado en c\u00e1psulas monodosis para productos l\u00edquidos y viscosos.","robots":{"index":"index","follow":"follow","max-snippet":"max-snippet:-1","max-image-preview":"max-image-preview:large","max-video-preview":"max-video-preview:-1"},"canonical":"https:\/\/www.tmeitaly.com\/es\/producto\/envasadora-htf\/","og_locale":"es_ES","og_type":"article","og_title":"Envasadora HTF - TME Italy","og_description":"Nuestra l\u00ednea tecnol\u00f3gica y avanzada de envasado en c\u00e1psulas monodosis para productos l\u00edquidos y viscosos.","og_url":"https:\/\/www.tmeitaly.com\/es\/producto\/envasadora-htf\/","og_site_name":"TME Italy","article_modified_time":"2025-08-25T08:33:30+00:00","og_image":[{"width":1000,"height":1000,"url":"https:\/\/www.tmeitaly.com\/wp-content\/uploads\/2025\/08\/HTF.webp","type":"image\/webp"}],"twitter_card":"summary_large_image","twitter_misc":{"Tiempo de lectura":"1 minuto"},"schema":{"@context":"https:\/\/schema.org","@graph":[{"@type":"WebPage","@id":"https:\/\/www.tmeitaly.com\/es\/producto\/envasadora-htf\/","url":"https:\/\/www.tmeitaly.com\/es\/producto\/envasadora-htf\/","name":"Envasadora HTF - TME Italy","isPartOf":{"@id":"https:\/\/www.tmeitaly.com\/es\/#website"},"primaryImageOfPage":{"@id":"https:\/\/www.tmeitaly.com\/es\/producto\/envasadora-htf\/#primaryimage"},"image":{"@id":"https:\/\/www.tmeitaly.com\/es\/producto\/envasadora-htf\/#primaryimage"},"thumbnailUrl":"https:\/\/www.tmeitaly.com\/wp-content\/uploads\/2025\/08\/HTF.webp","datePublished":"2025-08-01T10:48:29+00:00","dateModified":"2025-08-25T08:33:30+00:00","description":"Nuestra l\u00ednea tecnol\u00f3gica y avanzada de envasado en c\u00e1psulas monodosis para productos l\u00edquidos y viscosos.","breadcrumb":{"@id":"https:\/\/www.tmeitaly.com\/es\/producto\/envasadora-htf\/#breadcrumb"},"inLanguage":"es","potentialAction":[{"@type":"ReadAction","target":["https:\/\/www.tmeitaly.com\/es\/producto\/envasadora-htf\/"]}]},{"@type":"ImageObject","inLanguage":"es","@id":"https:\/\/www.tmeitaly.com\/es\/producto\/envasadora-htf\/#primaryimage","url":"https:\/\/www.tmeitaly.com\/wp-content\/uploads\/2025\/08\/HTF.webp","contentUrl":"https:\/\/www.tmeitaly.com\/wp-content\/uploads\/2025\/08\/HTF.webp","width":1000,"height":1000},{"@type":"BreadcrumbList","@id":"https:\/\/www.tmeitaly.com\/es\/producto\/envasadora-htf\/#breadcrumb","itemListElement":[{"@type":"ListItem","position":1,"name":"Home","item":"https:\/\/www.tmeitaly.com\/es\/"},{"@type":"ListItem","position":2,"name":"Shop","item":"https:\/\/www.tmeitaly.com\/es\/negozio\/"},{"@type":"ListItem","position":3,"name":"Envasadora HTF"}]},{"@type":"WebSite","@id":"https:\/\/www.tmeitaly.com\/es\/#website","url":"https:\/\/www.tmeitaly.com\/es\/","name":"TME Italy","description":"","publisher":{"@id":"https:\/\/www.tmeitaly.com\/es\/#organization"},"potentialAction":[{"@type":"SearchAction","target":{"@type":"EntryPoint","urlTemplate":"https:\/\/www.tmeitaly.com\/es\/?s={search_term_string}"},"query-input":{"@type":"PropertyValueSpecification","valueRequired":true,"valueName":"search_term_string"}}],"inLanguage":"es"},{"@type":"Organization","@id":"https:\/\/www.tmeitaly.com\/es\/#organization","name":"TME Italy","url":"https:\/\/www.tmeitaly.com\/es\/","logo":{"@type":"ImageObject","inLanguage":"es","@id":"https:\/\/www.tmeitaly.com\/es\/#\/schema\/logo\/image\/","url":"https:\/\/www.tmeitaly.com\/wp-content\/uploads\/2021\/06\/cropped-logo.png","contentUrl":"https:\/\/www.tmeitaly.com\/wp-content\/uploads\/2021\/06\/cropped-logo.png","width":248,"height":120,"caption":"TME Italy"},"image":{"@id":"https:\/\/www.tmeitaly.com\/es\/#\/schema\/logo\/image\/"}}]}},"_links":{"self":[{"href":"https:\/\/www.tmeitaly.com\/es\/wp-json\/wp\/v2\/product\/1998","targetHints":{"allow":["GET"]}}],"collection":[{"href":"https:\/\/www.tmeitaly.com\/es\/wp-json\/wp\/v2\/product"}],"about":[{"href":"https:\/\/www.tmeitaly.com\/es\/wp-json\/wp\/v2\/types\/product"}],"wp:featuredmedia":[{"embeddable":true,"href":"https:\/\/www.tmeitaly.com\/es\/wp-json\/wp\/v2\/media\/1974"}],"wp:attachment":[{"href":"https:\/\/www.tmeitaly.com\/es\/wp-json\/wp\/v2\/media?parent=1998"}],"wp:term":[{"taxonomy":"product_cat","embeddable":true,"href":"https:\/\/www.tmeitaly.com\/es\/wp-json\/wp\/v2\/product_cat?post=1998"},{"taxonomy":"product_tag","embeddable":true,"href":"https:\/\/www.tmeitaly.com\/es\/wp-json\/wp\/v2\/product_tag?post=1998"}],"curies":[{"name":"wp","href":"https:\/\/api.w.org\/{rel}","templated":true}]}}