{"id":1448,"date":"2021-06-18T14:58:59","date_gmt":"2021-06-18T12:58:59","guid":{"rendered":"https:\/\/www.tmeitaly.com\/prodotto\/fine-linea\/"},"modified":"2025-08-25T09:46:53","modified_gmt":"2025-08-25T07:46:53","slug":"estuchadora-final-de-linea","status":"publish","type":"product","link":"https:\/\/www.tmeitaly.com\/es\/producto\/estuchadora-final-de-linea\/","title":{"rendered":"Estuchadora FINAL DE L\u00cdNEA"},"content":{"rendered":"<p class=\"p1\">Nuestra <strong>gama de entuboladoras para c\u00e1psulas de caf\u00e9<\/strong> representa una soluci\u00f3n innovadora y extremadamente vers\u00e1til, distingui\u00e9ndose por la capacidad de envasar todo tipo de c\u00e1psula presente en el mercado actual. El particular <strong>sistema de acompa\u00f1amiento y protecci\u00f3n<\/strong> de los productos en entrada garantiza la integridad total de los productos y elimina completamente el riesgo de da\u00f1os.<\/p>\n<p class=\"p1\">Estas m\u00e1quinas representan la <strong>soluci\u00f3n ideal para el envasado<\/strong> de c\u00e1psulas realizadas en cualquier material, incluidas las de aluminio m\u00e1s delicadas. Las entuboladoras han sido dise\u00f1adas seg\u00fan un <strong>concepto modular<\/strong> que permite combinarlas con sistemas de encajonado, creando una \u00fanica l\u00ednea integrada capaz de manipular las c\u00e1psulas desde la entrada hasta el envasado final, garantizando un proceso productivo continuo y eficiente.<\/p>\n","protected":false},"excerpt":{"rendered":"<p>Nuestra gama de entuboladoras para c\u00e1psulas de caf\u00e9 representa una soluci\u00f3n innovadora y extremadamente vers\u00e1til, distingui\u00e9ndose por la capacidad de envasar todo tipo de c\u00e1psula presente en el mercado actual. El particular sistema de acompa\u00f1amiento y protecci\u00f3n de los productos en entrada garantiza la integridad total de los productos y elimina completamente el riesgo de [&hellip;]<\/p>\n","protected":false},"featured_media":1449,"template":"","meta":[],"product_cat":[107],"product_tag":[],"class_list":["post-1448","product","type-product","status-publish","has-post-thumbnail","hentry","product_cat-fine-linea-es"],"yoast_head":"<!-- This site is optimized with the Yoast SEO plugin v27.5 - https:\/\/yoast.com\/product\/yoast-seo-wordpress\/ -->\n<title>Estuchadora FINAL DE L\u00cdNEA - TME Italy<\/title>\n<meta name=\"description\" content=\"Le serie di fine linea sono in grado di confezionare tutti i tipi di capsule grazie ad un sistema di movimentazione che si adatta ai diversi formati.\" \/>\n<meta name=\"robots\" content=\"index, follow, max-snippet:-1, max-image-preview:large, max-video-preview:-1\" \/>\n<link rel=\"canonical\" href=\"https:\/\/www.tmeitaly.com\/es\/producto\/estuchadora-final-de-linea\/\" \/>\n<meta property=\"og:locale\" content=\"es_ES\" \/>\n<meta property=\"og:type\" content=\"article\" \/>\n<meta property=\"og:title\" content=\"Estuchadora FINAL DE L\u00cdNEA - TME Italy\" \/>\n<meta property=\"og:description\" content=\"Le serie di fine linea sono in grado di confezionare tutti i tipi di capsule grazie ad un sistema di movimentazione che si adatta ai diversi formati.\" \/>\n<meta property=\"og:url\" content=\"https:\/\/www.tmeitaly.com\/es\/producto\/estuchadora-final-de-linea\/\" \/>\n<meta property=\"og:site_name\" content=\"TME Italy\" \/>\n<meta property=\"article:modified_time\" content=\"2025-08-25T07:46:53+00:00\" \/>\n<meta property=\"og:image\" content=\"https:\/\/www.tmeitaly.com\/wp-content\/uploads\/2021\/06\/MAD-AUTOMATION-ASTUCCIATRICE-no-logo.jpg\" \/>\n\t<meta property=\"og:image:width\" content=\"2000\" \/>\n\t<meta property=\"og:image:height\" content=\"2000\" \/>\n\t<meta property=\"og:image:type\" content=\"image\/jpeg\" \/>\n<meta name=\"twitter:card\" content=\"summary_large_image\" \/>\n<meta name=\"twitter:label1\" content=\"Tiempo de lectura\" \/>\n\t<meta name=\"twitter:data1\" content=\"1 minuto\" \/>\n<script type=\"application\/ld+json\" class=\"yoast-schema-graph\">{\"@context\":\"https:\\\/\\\/schema.org\",\"@graph\":[{\"@type\":\"WebPage\",\"@id\":\"https:\\\/\\\/www.tmeitaly.com\\\/es\\\/producto\\\/estuchadora-final-de-linea\\\/\",\"url\":\"https:\\\/\\\/www.tmeitaly.com\\\/es\\\/producto\\\/estuchadora-final-de-linea\\\/\",\"name\":\"Estuchadora FINAL DE L\u00cdNEA - TME Italy\",\"isPartOf\":{\"@id\":\"https:\\\/\\\/www.tmeitaly.com\\\/es\\\/#website\"},\"primaryImageOfPage\":{\"@id\":\"https:\\\/\\\/www.tmeitaly.com\\\/es\\\/producto\\\/estuchadora-final-de-linea\\\/#primaryimage\"},\"image\":{\"@id\":\"https:\\\/\\\/www.tmeitaly.com\\\/es\\\/producto\\\/estuchadora-final-de-linea\\\/#primaryimage\"},\"thumbnailUrl\":\"https:\\\/\\\/www.tmeitaly.com\\\/wp-content\\\/uploads\\\/2021\\\/06\\\/MAD-AUTOMATION-ASTUCCIATRICE-no-logo.jpg\",\"datePublished\":\"2021-06-18T12:58:59+00:00\",\"dateModified\":\"2025-08-25T07:46:53+00:00\",\"description\":\"Le serie di fine linea sono in grado di confezionare tutti i tipi di capsule grazie ad un sistema di movimentazione che si adatta ai diversi formati.\",\"breadcrumb\":{\"@id\":\"https:\\\/\\\/www.tmeitaly.com\\\/es\\\/producto\\\/estuchadora-final-de-linea\\\/#breadcrumb\"},\"inLanguage\":\"es\",\"potentialAction\":[{\"@type\":\"ReadAction\",\"target\":[\"https:\\\/\\\/www.tmeitaly.com\\\/es\\\/producto\\\/estuchadora-final-de-linea\\\/\"]}]},{\"@type\":\"ImageObject\",\"inLanguage\":\"es\",\"@id\":\"https:\\\/\\\/www.tmeitaly.com\\\/es\\\/producto\\\/estuchadora-final-de-linea\\\/#primaryimage\",\"url\":\"https:\\\/\\\/www.tmeitaly.com\\\/wp-content\\\/uploads\\\/2021\\\/06\\\/MAD-AUTOMATION-ASTUCCIATRICE-no-logo.jpg\",\"contentUrl\":\"https:\\\/\\\/www.tmeitaly.com\\\/wp-content\\\/uploads\\\/2021\\\/06\\\/MAD-AUTOMATION-ASTUCCIATRICE-no-logo.jpg\",\"width\":2000,\"height\":2000},{\"@type\":\"BreadcrumbList\",\"@id\":\"https:\\\/\\\/www.tmeitaly.com\\\/es\\\/producto\\\/estuchadora-final-de-linea\\\/#breadcrumb\",\"itemListElement\":[{\"@type\":\"ListItem\",\"position\":1,\"name\":\"Home\",\"item\":\"https:\\\/\\\/www.tmeitaly.com\\\/es\\\/\"},{\"@type\":\"ListItem\",\"position\":2,\"name\":\"Shop\",\"item\":\"https:\\\/\\\/www.tmeitaly.com\\\/es\\\/negozio\\\/\"},{\"@type\":\"ListItem\",\"position\":3,\"name\":\"Estuchadora FINAL DE L\u00cdNEA\"}]},{\"@type\":\"WebSite\",\"@id\":\"https:\\\/\\\/www.tmeitaly.com\\\/es\\\/#website\",\"url\":\"https:\\\/\\\/www.tmeitaly.com\\\/es\\\/\",\"name\":\"TME Italy\",\"description\":\"\",\"publisher\":{\"@id\":\"https:\\\/\\\/www.tmeitaly.com\\\/es\\\/#organization\"},\"potentialAction\":[{\"@type\":\"SearchAction\",\"target\":{\"@type\":\"EntryPoint\",\"urlTemplate\":\"https:\\\/\\\/www.tmeitaly.com\\\/es\\\/?s={search_term_string}\"},\"query-input\":{\"@type\":\"PropertyValueSpecification\",\"valueRequired\":true,\"valueName\":\"search_term_string\"}}],\"inLanguage\":\"es\"},{\"@type\":\"Organization\",\"@id\":\"https:\\\/\\\/www.tmeitaly.com\\\/es\\\/#organization\",\"name\":\"TME Italy\",\"url\":\"https:\\\/\\\/www.tmeitaly.com\\\/es\\\/\",\"logo\":{\"@type\":\"ImageObject\",\"inLanguage\":\"es\",\"@id\":\"https:\\\/\\\/www.tmeitaly.com\\\/es\\\/#\\\/schema\\\/logo\\\/image\\\/\",\"url\":\"https:\\\/\\\/www.tmeitaly.com\\\/wp-content\\\/uploads\\\/2021\\\/06\\\/cropped-logo.png\",\"contentUrl\":\"https:\\\/\\\/www.tmeitaly.com\\\/wp-content\\\/uploads\\\/2021\\\/06\\\/cropped-logo.png\",\"width\":248,\"height\":120,\"caption\":\"TME Italy\"},\"image\":{\"@id\":\"https:\\\/\\\/www.tmeitaly.com\\\/es\\\/#\\\/schema\\\/logo\\\/image\\\/\"}}]}<\/script>\n<!-- \/ Yoast SEO plugin. -->","yoast_head_json":{"title":"Estuchadora FINAL DE L\u00cdNEA - TME Italy","description":"Le serie di fine linea sono in grado di confezionare tutti i tipi di capsule grazie ad un sistema di movimentazione che si adatta ai diversi formati.","robots":{"index":"index","follow":"follow","max-snippet":"max-snippet:-1","max-image-preview":"max-image-preview:large","max-video-preview":"max-video-preview:-1"},"canonical":"https:\/\/www.tmeitaly.com\/es\/producto\/estuchadora-final-de-linea\/","og_locale":"es_ES","og_type":"article","og_title":"Estuchadora FINAL DE L\u00cdNEA - TME Italy","og_description":"Le serie di fine linea sono in grado di confezionare tutti i tipi di capsule grazie ad un sistema di movimentazione che si adatta ai diversi formati.","og_url":"https:\/\/www.tmeitaly.com\/es\/producto\/estuchadora-final-de-linea\/","og_site_name":"TME Italy","article_modified_time":"2025-08-25T07:46:53+00:00","og_image":[{"width":2000,"height":2000,"url":"https:\/\/www.tmeitaly.com\/wp-content\/uploads\/2021\/06\/MAD-AUTOMATION-ASTUCCIATRICE-no-logo.jpg","type":"image\/jpeg"}],"twitter_card":"summary_large_image","twitter_misc":{"Tiempo de lectura":"1 minuto"},"schema":{"@context":"https:\/\/schema.org","@graph":[{"@type":"WebPage","@id":"https:\/\/www.tmeitaly.com\/es\/producto\/estuchadora-final-de-linea\/","url":"https:\/\/www.tmeitaly.com\/es\/producto\/estuchadora-final-de-linea\/","name":"Estuchadora FINAL DE L\u00cdNEA - TME Italy","isPartOf":{"@id":"https:\/\/www.tmeitaly.com\/es\/#website"},"primaryImageOfPage":{"@id":"https:\/\/www.tmeitaly.com\/es\/producto\/estuchadora-final-de-linea\/#primaryimage"},"image":{"@id":"https:\/\/www.tmeitaly.com\/es\/producto\/estuchadora-final-de-linea\/#primaryimage"},"thumbnailUrl":"https:\/\/www.tmeitaly.com\/wp-content\/uploads\/2021\/06\/MAD-AUTOMATION-ASTUCCIATRICE-no-logo.jpg","datePublished":"2021-06-18T12:58:59+00:00","dateModified":"2025-08-25T07:46:53+00:00","description":"Le serie di fine linea sono in grado di confezionare tutti i tipi di capsule grazie ad un sistema di movimentazione che si adatta ai diversi formati.","breadcrumb":{"@id":"https:\/\/www.tmeitaly.com\/es\/producto\/estuchadora-final-de-linea\/#breadcrumb"},"inLanguage":"es","potentialAction":[{"@type":"ReadAction","target":["https:\/\/www.tmeitaly.com\/es\/producto\/estuchadora-final-de-linea\/"]}]},{"@type":"ImageObject","inLanguage":"es","@id":"https:\/\/www.tmeitaly.com\/es\/producto\/estuchadora-final-de-linea\/#primaryimage","url":"https:\/\/www.tmeitaly.com\/wp-content\/uploads\/2021\/06\/MAD-AUTOMATION-ASTUCCIATRICE-no-logo.jpg","contentUrl":"https:\/\/www.tmeitaly.com\/wp-content\/uploads\/2021\/06\/MAD-AUTOMATION-ASTUCCIATRICE-no-logo.jpg","width":2000,"height":2000},{"@type":"BreadcrumbList","@id":"https:\/\/www.tmeitaly.com\/es\/producto\/estuchadora-final-de-linea\/#breadcrumb","itemListElement":[{"@type":"ListItem","position":1,"name":"Home","item":"https:\/\/www.tmeitaly.com\/es\/"},{"@type":"ListItem","position":2,"name":"Shop","item":"https:\/\/www.tmeitaly.com\/es\/negozio\/"},{"@type":"ListItem","position":3,"name":"Estuchadora FINAL DE L\u00cdNEA"}]},{"@type":"WebSite","@id":"https:\/\/www.tmeitaly.com\/es\/#website","url":"https:\/\/www.tmeitaly.com\/es\/","name":"TME Italy","description":"","publisher":{"@id":"https:\/\/www.tmeitaly.com\/es\/#organization"},"potentialAction":[{"@type":"SearchAction","target":{"@type":"EntryPoint","urlTemplate":"https:\/\/www.tmeitaly.com\/es\/?s={search_term_string}"},"query-input":{"@type":"PropertyValueSpecification","valueRequired":true,"valueName":"search_term_string"}}],"inLanguage":"es"},{"@type":"Organization","@id":"https:\/\/www.tmeitaly.com\/es\/#organization","name":"TME Italy","url":"https:\/\/www.tmeitaly.com\/es\/","logo":{"@type":"ImageObject","inLanguage":"es","@id":"https:\/\/www.tmeitaly.com\/es\/#\/schema\/logo\/image\/","url":"https:\/\/www.tmeitaly.com\/wp-content\/uploads\/2021\/06\/cropped-logo.png","contentUrl":"https:\/\/www.tmeitaly.com\/wp-content\/uploads\/2021\/06\/cropped-logo.png","width":248,"height":120,"caption":"TME Italy"},"image":{"@id":"https:\/\/www.tmeitaly.com\/es\/#\/schema\/logo\/image\/"}}]}},"_links":{"self":[{"href":"https:\/\/www.tmeitaly.com\/es\/wp-json\/wp\/v2\/product\/1448","targetHints":{"allow":["GET"]}}],"collection":[{"href":"https:\/\/www.tmeitaly.com\/es\/wp-json\/wp\/v2\/product"}],"about":[{"href":"https:\/\/www.tmeitaly.com\/es\/wp-json\/wp\/v2\/types\/product"}],"wp:featuredmedia":[{"embeddable":true,"href":"https:\/\/www.tmeitaly.com\/es\/wp-json\/wp\/v2\/media\/1449"}],"wp:attachment":[{"href":"https:\/\/www.tmeitaly.com\/es\/wp-json\/wp\/v2\/media?parent=1448"}],"wp:term":[{"taxonomy":"product_cat","embeddable":true,"href":"https:\/\/www.tmeitaly.com\/es\/wp-json\/wp\/v2\/product_cat?post=1448"},{"taxonomy":"product_tag","embeddable":true,"href":"https:\/\/www.tmeitaly.com\/es\/wp-json\/wp\/v2\/product_tag?post=1448"}],"curies":[{"name":"wp","href":"https:\/\/api.w.org\/{rel}","templated":true}]}}