{"id":1435,"date":"2021-09-20T15:47:02","date_gmt":"2021-09-20T13:47:02","guid":{"rendered":"https:\/\/www.tmeitaly.com\/prodotto\/kenos-lm\/"},"modified":"2025-08-25T09:44:38","modified_gmt":"2025-08-25T07:44:38","slug":"envasadora-kenos-lm","status":"publish","type":"product","link":"https:\/\/www.tmeitaly.com\/es\/producto\/envasadora-kenos-lm\/","title":{"rendered":"Envasadora KENOS-LM"},"content":{"rendered":"<p class=\"whitespace-normal break-words\">La <strong>l\u00ednea de envasado KENOS-LM<\/strong> est\u00e1 dise\u00f1ada para garantizar prestaciones productivas medio-altas en el envasado al vac\u00edo de levadura seca, asegurando calidad est\u00e9tica y seguridad del envase final.<\/p>\n<ul class=\"[&amp;:not(:last-child)_ul]:pb-1 [&amp;:not(:last-child)_ol]:pb-1 list-disc space-y-1.5 pl-7\">\n<li class=\"whitespace-normal break-words\"><strong>Velocidad productiva equilibrada:<\/strong>\u00a0hasta 40 bolsas\/min (2.400 bolsas\/hora)<\/li>\n<li class=\"whitespace-normal break-words\"><strong>Flexibilidad de formato: <\/strong>adaptabilidad completa para bolsas de 75 g a 1 kg con sistema de cambio de formato r\u00e1pido y simplificado<\/li>\n<li class=\"whitespace-normal break-words\"><strong>Sistema de dosificaci\u00f3n avanzado:<\/strong>\u00a0pesadora por gravedad con tecnolog\u00eda patentada TME para precisi\u00f3n de llenado<\/li>\n<li class=\"whitespace-normal break-words\"><strong>Doble campana de vac\u00edo<\/strong> para optimizar la eficiencia del proceso de envasado al vac\u00edo<\/li>\n<li class=\"whitespace-normal break-words\"><strong>Accesorios opcionales<\/strong> para personalizaci\u00f3n de la l\u00ednea:\n<ul class=\"[&amp;:not(:last-child)_ul]:pb-1 [&amp;:not(:last-child)_ol]:pb-1 list-disc space-y-1.5 pl-7\">\n<li class=\"whitespace-normal break-words\">Control de peso con feedback y descarte autom\u00e1tico de paquetes fuera de tolerancia<\/li>\n<li class=\"whitespace-normal break-words\">Marcador para impresi\u00f3n directa<\/li>\n<li class=\"whitespace-normal break-words\">Etiquetadora para aplicaci\u00f3n de etiquetas<\/li>\n<\/ul>\n<\/li>\n<li class=\"whitespace-normal break-words\"><strong>Modularidad e integraci\u00f3n<\/strong> con sistemas de final de l\u00ednea para automatizaci\u00f3n completa:\n<ul class=\"[&amp;:not(:last-child)_ul]:pb-1 [&amp;:not(:last-child)_ol]:pb-1 list-disc space-y-1.5 pl-7\">\n<li class=\"whitespace-normal break-words\"><span class=\"s1\">Enfardadora<\/span> para agrupamiento de productos<\/li>\n<li class=\"whitespace-normal break-words\"><span class=\"s1\">Encartonadora<\/span> para envasado secundario<\/li>\n<\/ul>\n<\/li>\n<\/ul>\n","protected":false},"excerpt":{"rendered":"<p>L\u00ednea de envasado al vac\u00edo flexible y eficiente para levadura seca.<\/p>\n","protected":false},"featured_media":1436,"template":"","meta":[],"product_cat":[91,92,93],"product_tag":[],"class_list":["post-1435","product","type-product","status-publish","has-post-thumbnail","hentry","product_cat-levadura-en-polvo","product_cat-levadura-envasada-al-vacio","product_cat-lineas-de-envasado-al-vacio"],"yoast_head":"<!-- This site is optimized with the Yoast SEO plugin v27.4 - https:\/\/yoast.com\/product\/yoast-seo-wordpress\/ -->\n<title>Envasadora KENOS-LM - TME Italy<\/title>\n<meta name=\"description\" content=\"Kenos LM \u00e8 la nostra flessibile ed efficiente linea di confezionamento sottovuoto per il lievito secco.\" \/>\n<meta name=\"robots\" content=\"index, follow, max-snippet:-1, max-image-preview:large, max-video-preview:-1\" \/>\n<link rel=\"canonical\" href=\"https:\/\/www.tmeitaly.com\/es\/producto\/envasadora-kenos-lm\/\" \/>\n<meta property=\"og:locale\" content=\"es_ES\" \/>\n<meta property=\"og:type\" content=\"article\" \/>\n<meta property=\"og:title\" content=\"Envasadora KENOS-LM - TME Italy\" \/>\n<meta property=\"og:description\" content=\"Kenos LM \u00e8 la nostra flessibile ed efficiente linea di confezionamento sottovuoto per il lievito secco.\" \/>\n<meta property=\"og:url\" content=\"https:\/\/www.tmeitaly.com\/es\/producto\/envasadora-kenos-lm\/\" \/>\n<meta property=\"og:site_name\" content=\"TME Italy\" \/>\n<meta property=\"article:modified_time\" content=\"2025-08-25T07:44:38+00:00\" \/>\n<meta property=\"og:image\" content=\"https:\/\/www.tmeitaly.com\/wp-content\/uploads\/2021\/09\/KENOS-2017-TOTALE-TRASPARENZE.jpg\" \/>\n\t<meta property=\"og:image:width\" content=\"2000\" \/>\n\t<meta property=\"og:image:height\" content=\"2000\" \/>\n\t<meta property=\"og:image:type\" content=\"image\/jpeg\" \/>\n<meta name=\"twitter:card\" content=\"summary_large_image\" \/>\n<meta name=\"twitter:label1\" content=\"Tiempo de lectura\" \/>\n\t<meta name=\"twitter:data1\" content=\"1 minuto\" \/>\n<script type=\"application\/ld+json\" class=\"yoast-schema-graph\">{\"@context\":\"https:\\\/\\\/schema.org\",\"@graph\":[{\"@type\":\"WebPage\",\"@id\":\"https:\\\/\\\/www.tmeitaly.com\\\/es\\\/producto\\\/envasadora-kenos-lm\\\/\",\"url\":\"https:\\\/\\\/www.tmeitaly.com\\\/es\\\/producto\\\/envasadora-kenos-lm\\\/\",\"name\":\"Envasadora KENOS-LM - TME Italy\",\"isPartOf\":{\"@id\":\"https:\\\/\\\/www.tmeitaly.com\\\/es\\\/#website\"},\"primaryImageOfPage\":{\"@id\":\"https:\\\/\\\/www.tmeitaly.com\\\/es\\\/producto\\\/envasadora-kenos-lm\\\/#primaryimage\"},\"image\":{\"@id\":\"https:\\\/\\\/www.tmeitaly.com\\\/es\\\/producto\\\/envasadora-kenos-lm\\\/#primaryimage\"},\"thumbnailUrl\":\"https:\\\/\\\/www.tmeitaly.com\\\/wp-content\\\/uploads\\\/2021\\\/09\\\/KENOS-2017-TOTALE-TRASPARENZE.jpg\",\"datePublished\":\"2021-09-20T13:47:02+00:00\",\"dateModified\":\"2025-08-25T07:44:38+00:00\",\"description\":\"Kenos LM \u00e8 la nostra flessibile ed efficiente linea di confezionamento sottovuoto per il lievito secco.\",\"breadcrumb\":{\"@id\":\"https:\\\/\\\/www.tmeitaly.com\\\/es\\\/producto\\\/envasadora-kenos-lm\\\/#breadcrumb\"},\"inLanguage\":\"es\",\"potentialAction\":[{\"@type\":\"ReadAction\",\"target\":[\"https:\\\/\\\/www.tmeitaly.com\\\/es\\\/producto\\\/envasadora-kenos-lm\\\/\"]}]},{\"@type\":\"ImageObject\",\"inLanguage\":\"es\",\"@id\":\"https:\\\/\\\/www.tmeitaly.com\\\/es\\\/producto\\\/envasadora-kenos-lm\\\/#primaryimage\",\"url\":\"https:\\\/\\\/www.tmeitaly.com\\\/wp-content\\\/uploads\\\/2021\\\/09\\\/KENOS-2017-TOTALE-TRASPARENZE.jpg\",\"contentUrl\":\"https:\\\/\\\/www.tmeitaly.com\\\/wp-content\\\/uploads\\\/2021\\\/09\\\/KENOS-2017-TOTALE-TRASPARENZE.jpg\",\"width\":2000,\"height\":2000},{\"@type\":\"BreadcrumbList\",\"@id\":\"https:\\\/\\\/www.tmeitaly.com\\\/es\\\/producto\\\/envasadora-kenos-lm\\\/#breadcrumb\",\"itemListElement\":[{\"@type\":\"ListItem\",\"position\":1,\"name\":\"Home\",\"item\":\"https:\\\/\\\/www.tmeitaly.com\\\/es\\\/\"},{\"@type\":\"ListItem\",\"position\":2,\"name\":\"Shop\",\"item\":\"https:\\\/\\\/www.tmeitaly.com\\\/es\\\/negozio\\\/\"},{\"@type\":\"ListItem\",\"position\":3,\"name\":\"Envasadora KENOS-LM\"}]},{\"@type\":\"WebSite\",\"@id\":\"https:\\\/\\\/www.tmeitaly.com\\\/es\\\/#website\",\"url\":\"https:\\\/\\\/www.tmeitaly.com\\\/es\\\/\",\"name\":\"TME Italy\",\"description\":\"\",\"publisher\":{\"@id\":\"https:\\\/\\\/www.tmeitaly.com\\\/es\\\/#organization\"},\"potentialAction\":[{\"@type\":\"SearchAction\",\"target\":{\"@type\":\"EntryPoint\",\"urlTemplate\":\"https:\\\/\\\/www.tmeitaly.com\\\/es\\\/?s={search_term_string}\"},\"query-input\":{\"@type\":\"PropertyValueSpecification\",\"valueRequired\":true,\"valueName\":\"search_term_string\"}}],\"inLanguage\":\"es\"},{\"@type\":\"Organization\",\"@id\":\"https:\\\/\\\/www.tmeitaly.com\\\/es\\\/#organization\",\"name\":\"TME Italy\",\"url\":\"https:\\\/\\\/www.tmeitaly.com\\\/es\\\/\",\"logo\":{\"@type\":\"ImageObject\",\"inLanguage\":\"es\",\"@id\":\"https:\\\/\\\/www.tmeitaly.com\\\/es\\\/#\\\/schema\\\/logo\\\/image\\\/\",\"url\":\"https:\\\/\\\/www.tmeitaly.com\\\/wp-content\\\/uploads\\\/2021\\\/06\\\/cropped-logo.png\",\"contentUrl\":\"https:\\\/\\\/www.tmeitaly.com\\\/wp-content\\\/uploads\\\/2021\\\/06\\\/cropped-logo.png\",\"width\":248,\"height\":120,\"caption\":\"TME Italy\"},\"image\":{\"@id\":\"https:\\\/\\\/www.tmeitaly.com\\\/es\\\/#\\\/schema\\\/logo\\\/image\\\/\"}}]}<\/script>\n<!-- \/ Yoast SEO plugin. -->","yoast_head_json":{"title":"Envasadora KENOS-LM - TME Italy","description":"Kenos LM \u00e8 la nostra flessibile ed efficiente linea di confezionamento sottovuoto per il lievito secco.","robots":{"index":"index","follow":"follow","max-snippet":"max-snippet:-1","max-image-preview":"max-image-preview:large","max-video-preview":"max-video-preview:-1"},"canonical":"https:\/\/www.tmeitaly.com\/es\/producto\/envasadora-kenos-lm\/","og_locale":"es_ES","og_type":"article","og_title":"Envasadora KENOS-LM - TME Italy","og_description":"Kenos LM \u00e8 la nostra flessibile ed efficiente linea di confezionamento sottovuoto per il lievito secco.","og_url":"https:\/\/www.tmeitaly.com\/es\/producto\/envasadora-kenos-lm\/","og_site_name":"TME Italy","article_modified_time":"2025-08-25T07:44:38+00:00","og_image":[{"width":2000,"height":2000,"url":"https:\/\/www.tmeitaly.com\/wp-content\/uploads\/2021\/09\/KENOS-2017-TOTALE-TRASPARENZE.jpg","type":"image\/jpeg"}],"twitter_card":"summary_large_image","twitter_misc":{"Tiempo de lectura":"1 minuto"},"schema":{"@context":"https:\/\/schema.org","@graph":[{"@type":"WebPage","@id":"https:\/\/www.tmeitaly.com\/es\/producto\/envasadora-kenos-lm\/","url":"https:\/\/www.tmeitaly.com\/es\/producto\/envasadora-kenos-lm\/","name":"Envasadora KENOS-LM - TME Italy","isPartOf":{"@id":"https:\/\/www.tmeitaly.com\/es\/#website"},"primaryImageOfPage":{"@id":"https:\/\/www.tmeitaly.com\/es\/producto\/envasadora-kenos-lm\/#primaryimage"},"image":{"@id":"https:\/\/www.tmeitaly.com\/es\/producto\/envasadora-kenos-lm\/#primaryimage"},"thumbnailUrl":"https:\/\/www.tmeitaly.com\/wp-content\/uploads\/2021\/09\/KENOS-2017-TOTALE-TRASPARENZE.jpg","datePublished":"2021-09-20T13:47:02+00:00","dateModified":"2025-08-25T07:44:38+00:00","description":"Kenos LM \u00e8 la nostra flessibile ed efficiente linea di confezionamento sottovuoto per il lievito secco.","breadcrumb":{"@id":"https:\/\/www.tmeitaly.com\/es\/producto\/envasadora-kenos-lm\/#breadcrumb"},"inLanguage":"es","potentialAction":[{"@type":"ReadAction","target":["https:\/\/www.tmeitaly.com\/es\/producto\/envasadora-kenos-lm\/"]}]},{"@type":"ImageObject","inLanguage":"es","@id":"https:\/\/www.tmeitaly.com\/es\/producto\/envasadora-kenos-lm\/#primaryimage","url":"https:\/\/www.tmeitaly.com\/wp-content\/uploads\/2021\/09\/KENOS-2017-TOTALE-TRASPARENZE.jpg","contentUrl":"https:\/\/www.tmeitaly.com\/wp-content\/uploads\/2021\/09\/KENOS-2017-TOTALE-TRASPARENZE.jpg","width":2000,"height":2000},{"@type":"BreadcrumbList","@id":"https:\/\/www.tmeitaly.com\/es\/producto\/envasadora-kenos-lm\/#breadcrumb","itemListElement":[{"@type":"ListItem","position":1,"name":"Home","item":"https:\/\/www.tmeitaly.com\/es\/"},{"@type":"ListItem","position":2,"name":"Shop","item":"https:\/\/www.tmeitaly.com\/es\/negozio\/"},{"@type":"ListItem","position":3,"name":"Envasadora KENOS-LM"}]},{"@type":"WebSite","@id":"https:\/\/www.tmeitaly.com\/es\/#website","url":"https:\/\/www.tmeitaly.com\/es\/","name":"TME Italy","description":"","publisher":{"@id":"https:\/\/www.tmeitaly.com\/es\/#organization"},"potentialAction":[{"@type":"SearchAction","target":{"@type":"EntryPoint","urlTemplate":"https:\/\/www.tmeitaly.com\/es\/?s={search_term_string}"},"query-input":{"@type":"PropertyValueSpecification","valueRequired":true,"valueName":"search_term_string"}}],"inLanguage":"es"},{"@type":"Organization","@id":"https:\/\/www.tmeitaly.com\/es\/#organization","name":"TME Italy","url":"https:\/\/www.tmeitaly.com\/es\/","logo":{"@type":"ImageObject","inLanguage":"es","@id":"https:\/\/www.tmeitaly.com\/es\/#\/schema\/logo\/image\/","url":"https:\/\/www.tmeitaly.com\/wp-content\/uploads\/2021\/06\/cropped-logo.png","contentUrl":"https:\/\/www.tmeitaly.com\/wp-content\/uploads\/2021\/06\/cropped-logo.png","width":248,"height":120,"caption":"TME Italy"},"image":{"@id":"https:\/\/www.tmeitaly.com\/es\/#\/schema\/logo\/image\/"}}]}},"_links":{"self":[{"href":"https:\/\/www.tmeitaly.com\/es\/wp-json\/wp\/v2\/product\/1435","targetHints":{"allow":["GET"]}}],"collection":[{"href":"https:\/\/www.tmeitaly.com\/es\/wp-json\/wp\/v2\/product"}],"about":[{"href":"https:\/\/www.tmeitaly.com\/es\/wp-json\/wp\/v2\/types\/product"}],"wp:featuredmedia":[{"embeddable":true,"href":"https:\/\/www.tmeitaly.com\/es\/wp-json\/wp\/v2\/media\/1436"}],"wp:attachment":[{"href":"https:\/\/www.tmeitaly.com\/es\/wp-json\/wp\/v2\/media?parent=1435"}],"wp:term":[{"taxonomy":"product_cat","embeddable":true,"href":"https:\/\/www.tmeitaly.com\/es\/wp-json\/wp\/v2\/product_cat?post=1435"},{"taxonomy":"product_tag","embeddable":true,"href":"https:\/\/www.tmeitaly.com\/es\/wp-json\/wp\/v2\/product_tag?post=1435"}],"curies":[{"name":"wp","href":"https:\/\/api.w.org\/{rel}","templated":true}]}}