{"id":1417,"date":"2021-06-16T15:23:20","date_gmt":"2021-06-16T13:23:20","guid":{"rendered":"https:\/\/www.tmeitaly.com\/prodotto\/format\/"},"modified":"2025-08-25T09:50:43","modified_gmt":"2025-08-25T07:50:43","slug":"envasadora-format","status":"publish","type":"product","link":"https:\/\/www.tmeitaly.com\/es\/producto\/envasadora-format\/","title":{"rendered":"Envasadora FORMAT"},"content":{"rendered":"<p class=\"whitespace-normal break-words\">La <strong>l\u00ednea de envasado FORMAT<\/strong> representa la soluci\u00f3n m\u00e1s completa y vers\u00e1til para el envasado en atm\u00f3sfera, ofreciendo m\u00e1xima flexibilidad y prestaciones avanzadas.<\/p>\n<ul class=\"[&amp;:not(:last-child)_ul]:pb-1 [&amp;:not(:last-child)_ol]:pb-1 list-disc space-y-1.5 pl-7\">\n<li class=\"whitespace-normal break-words\"><strong>Velocidad productiva optimizada:<\/strong>\u00a0hasta 40 bolsas\/min de 1 kg (2.400 bolsas\/hora)<\/li>\n<li class=\"whitespace-normal break-words\"><strong>Flexibilidad de formato:<\/strong>\u00a0realizaci\u00f3n de bolsas de 100 g a 1 kg con sistema de cambio de formato autom\u00e1tico<\/li>\n<li class=\"whitespace-normal break-words\"><strong>Motorizaci\u00f3n brushless avanzada<\/strong> para todos los grupos operativos<\/li>\n<li class=\"whitespace-normal break-words\"><strong>Sistema de transporte inteligente:<\/strong>\u00a0manipulaci\u00f3n \u00aba paso\u00bb con posicionamiento final en posici\u00f3n erguida<\/li>\n<li class=\"whitespace-normal break-words\"><strong>Sistemas de dosificaci\u00f3n m\u00faltiples<\/strong> para diversas tipolog\u00edas de producto:\n<ul class=\"[&amp;:not(:last-child)_ul]:pb-1 [&amp;:not(:last-child)_ol]:pb-1 list-disc space-y-1.5 pl-7\">\n<li class=\"whitespace-normal break-words\">Pesadora electr\u00f3nica para caf\u00e9 en grano<\/li>\n<li class=\"whitespace-normal break-words\">Pesadora por gravedad para caf\u00e9 en grano<\/li>\n<li class=\"whitespace-normal break-words\">Dosificador volum\u00e9trico de tornillo sinf\u00edn con motorizaci\u00f3n brushless para caf\u00e9 molido y productos pulverulentos<\/li>\n<\/ul>\n<\/li>\n<li class=\"whitespace-normal break-words\"><strong>Tipolog\u00edas de soldadura vers\u00e1tiles:<\/strong>\n<ul class=\"[&amp;:not(:last-child)_ul]:pb-1 [&amp;:not(:last-child)_ol]:pb-1 list-disc space-y-1.5 pl-7\">\n<li class=\"whitespace-normal break-words\">Soldadura simple central<\/li>\n<li class=\"whitespace-normal break-words\">Soldadura simple lateral<\/li>\n<li class=\"whitespace-normal break-words\">Soldadura con cuatro esquinas soldadas<\/li>\n<\/ul>\n<\/li>\n<li class=\"whitespace-normal break-words\"><strong>Accesorios opcionales<\/strong> para personalizaci\u00f3n completa:\n<ul class=\"[&amp;:not(:last-child)_ul]:pb-1 [&amp;:not(:last-child)_ol]:pb-1 list-disc space-y-1.5 pl-7\">\n<li class=\"whitespace-normal break-words\">Aplicaci\u00f3n v\u00e1lvula salva-aroma<\/li>\n<li class=\"whitespace-normal break-words\">Estaci\u00f3n de recorte de aleta superior<\/li>\n<li class=\"whitespace-normal break-words\">Desaireaci\u00f3n de bolsa para optimizaci\u00f3n de volumen<\/li>\n<li class=\"whitespace-normal break-words\">Dispositivo de inyecci\u00f3n de gas inerte<\/li>\n<li class=\"whitespace-normal break-words\">Aspirador neum\u00e1tico para carga de caf\u00e9 en grano<\/li>\n<li class=\"whitespace-normal break-words\">Tornillo sinf\u00edn de alimentaci\u00f3n para caf\u00e9 molido<\/li>\n<li class=\"whitespace-normal break-words\">Marcador y Etiquetadora<\/li>\n<li class=\"whitespace-normal break-words\">Aplicaci\u00f3n Tin-tie<\/li>\n<\/ul>\n<\/li>\n<li class=\"whitespace-normal break-words\"><strong>Integraci\u00f3n con sistemas de final de l\u00ednea:<\/strong>\n<ul class=\"[&amp;:not(:last-child)_ul]:pb-1 [&amp;:not(:last-child)_ol]:pb-1 list-disc space-y-1.5 pl-7\">\n<li class=\"whitespace-normal break-words\"><span class=\"s1\">Encartonadora<\/span> para envasado secundario<\/li>\n<li class=\"whitespace-normal break-words\"><span class=\"s1\">Enfardadora<\/span> para agrupamiento de productos<\/li>\n<\/ul>\n<\/li>\n<\/ul>\n","protected":false},"excerpt":{"rendered":"<p class=\"p1\">L\u00ednea completa de envasado en atm\u00f3sfera personalizable para cada necesidad.<\/p>\n","protected":false},"featured_media":1419,"template":"","meta":[],"product_cat":[101,94,102,103,100],"product_tag":[],"class_list":["post-1417","product","type-product","status-publish","has-post-thumbnail","hentry","product_cat-cafe-en-grano","product_cat-cafe-molido","product_cat-lineas-de-envasado-en-atmosfera","product_cat-polvo-para-helado","product_cat-sopas-solubles"],"yoast_head":"<!-- This site is optimized with the Yoast SEO plugin v27.4 - https:\/\/yoast.com\/product\/yoast-seo-wordpress\/ -->\n<title>Envasadora FORMAT - TME Italy<\/title>\n<meta name=\"description\" content=\"Format \u00e8 la nostra completa linea di confezionamento in atmosfera personalizzabile per ogni esigenza.\" \/>\n<meta name=\"robots\" content=\"index, follow, max-snippet:-1, max-image-preview:large, max-video-preview:-1\" \/>\n<link rel=\"canonical\" href=\"https:\/\/www.tmeitaly.com\/es\/producto\/envasadora-format\/\" \/>\n<meta property=\"og:locale\" content=\"es_ES\" \/>\n<meta property=\"og:type\" content=\"article\" \/>\n<meta property=\"og:title\" content=\"Envasadora FORMAT - TME Italy\" \/>\n<meta property=\"og:description\" content=\"Format \u00e8 la nostra completa linea di confezionamento in atmosfera personalizzabile per ogni esigenza.\" \/>\n<meta property=\"og:url\" content=\"https:\/\/www.tmeitaly.com\/es\/producto\/envasadora-format\/\" \/>\n<meta property=\"og:site_name\" content=\"TME Italy\" \/>\n<meta property=\"article:modified_time\" content=\"2025-08-25T07:50:43+00:00\" \/>\n<meta property=\"og:image\" content=\"https:\/\/www.tmeitaly.com\/wp-content\/uploads\/2021\/06\/FORMAT-2020-TRASPARENZA_piedi-corti.jpg\" \/>\n\t<meta property=\"og:image:width\" content=\"2000\" \/>\n\t<meta property=\"og:image:height\" content=\"2000\" \/>\n\t<meta property=\"og:image:type\" content=\"image\/jpeg\" \/>\n<meta name=\"twitter:card\" content=\"summary_large_image\" \/>\n<meta name=\"twitter:label1\" content=\"Tiempo de lectura\" \/>\n\t<meta name=\"twitter:data1\" content=\"1 minuto\" \/>\n<script type=\"application\/ld+json\" class=\"yoast-schema-graph\">{\"@context\":\"https:\\\/\\\/schema.org\",\"@graph\":[{\"@type\":\"WebPage\",\"@id\":\"https:\\\/\\\/www.tmeitaly.com\\\/es\\\/producto\\\/envasadora-format\\\/\",\"url\":\"https:\\\/\\\/www.tmeitaly.com\\\/es\\\/producto\\\/envasadora-format\\\/\",\"name\":\"Envasadora FORMAT - TME Italy\",\"isPartOf\":{\"@id\":\"https:\\\/\\\/www.tmeitaly.com\\\/es\\\/#website\"},\"primaryImageOfPage\":{\"@id\":\"https:\\\/\\\/www.tmeitaly.com\\\/es\\\/producto\\\/envasadora-format\\\/#primaryimage\"},\"image\":{\"@id\":\"https:\\\/\\\/www.tmeitaly.com\\\/es\\\/producto\\\/envasadora-format\\\/#primaryimage\"},\"thumbnailUrl\":\"https:\\\/\\\/www.tmeitaly.com\\\/wp-content\\\/uploads\\\/2021\\\/06\\\/FORMAT-2020-TRASPARENZA_piedi-corti.jpg\",\"datePublished\":\"2021-06-16T13:23:20+00:00\",\"dateModified\":\"2025-08-25T07:50:43+00:00\",\"description\":\"Format \u00e8 la nostra completa linea di confezionamento in atmosfera personalizzabile per ogni esigenza.\",\"breadcrumb\":{\"@id\":\"https:\\\/\\\/www.tmeitaly.com\\\/es\\\/producto\\\/envasadora-format\\\/#breadcrumb\"},\"inLanguage\":\"es\",\"potentialAction\":[{\"@type\":\"ReadAction\",\"target\":[\"https:\\\/\\\/www.tmeitaly.com\\\/es\\\/producto\\\/envasadora-format\\\/\"]}]},{\"@type\":\"ImageObject\",\"inLanguage\":\"es\",\"@id\":\"https:\\\/\\\/www.tmeitaly.com\\\/es\\\/producto\\\/envasadora-format\\\/#primaryimage\",\"url\":\"https:\\\/\\\/www.tmeitaly.com\\\/wp-content\\\/uploads\\\/2021\\\/06\\\/FORMAT-2020-TRASPARENZA_piedi-corti.jpg\",\"contentUrl\":\"https:\\\/\\\/www.tmeitaly.com\\\/wp-content\\\/uploads\\\/2021\\\/06\\\/FORMAT-2020-TRASPARENZA_piedi-corti.jpg\",\"width\":2000,\"height\":2000},{\"@type\":\"BreadcrumbList\",\"@id\":\"https:\\\/\\\/www.tmeitaly.com\\\/es\\\/producto\\\/envasadora-format\\\/#breadcrumb\",\"itemListElement\":[{\"@type\":\"ListItem\",\"position\":1,\"name\":\"Home\",\"item\":\"https:\\\/\\\/www.tmeitaly.com\\\/es\\\/\"},{\"@type\":\"ListItem\",\"position\":2,\"name\":\"Shop\",\"item\":\"https:\\\/\\\/www.tmeitaly.com\\\/es\\\/negozio\\\/\"},{\"@type\":\"ListItem\",\"position\":3,\"name\":\"Envasadora FORMAT\"}]},{\"@type\":\"WebSite\",\"@id\":\"https:\\\/\\\/www.tmeitaly.com\\\/es\\\/#website\",\"url\":\"https:\\\/\\\/www.tmeitaly.com\\\/es\\\/\",\"name\":\"TME Italy\",\"description\":\"\",\"publisher\":{\"@id\":\"https:\\\/\\\/www.tmeitaly.com\\\/es\\\/#organization\"},\"potentialAction\":[{\"@type\":\"SearchAction\",\"target\":{\"@type\":\"EntryPoint\",\"urlTemplate\":\"https:\\\/\\\/www.tmeitaly.com\\\/es\\\/?s={search_term_string}\"},\"query-input\":{\"@type\":\"PropertyValueSpecification\",\"valueRequired\":true,\"valueName\":\"search_term_string\"}}],\"inLanguage\":\"es\"},{\"@type\":\"Organization\",\"@id\":\"https:\\\/\\\/www.tmeitaly.com\\\/es\\\/#organization\",\"name\":\"TME Italy\",\"url\":\"https:\\\/\\\/www.tmeitaly.com\\\/es\\\/\",\"logo\":{\"@type\":\"ImageObject\",\"inLanguage\":\"es\",\"@id\":\"https:\\\/\\\/www.tmeitaly.com\\\/es\\\/#\\\/schema\\\/logo\\\/image\\\/\",\"url\":\"https:\\\/\\\/www.tmeitaly.com\\\/wp-content\\\/uploads\\\/2021\\\/06\\\/cropped-logo.png\",\"contentUrl\":\"https:\\\/\\\/www.tmeitaly.com\\\/wp-content\\\/uploads\\\/2021\\\/06\\\/cropped-logo.png\",\"width\":248,\"height\":120,\"caption\":\"TME Italy\"},\"image\":{\"@id\":\"https:\\\/\\\/www.tmeitaly.com\\\/es\\\/#\\\/schema\\\/logo\\\/image\\\/\"}}]}<\/script>\n<!-- \/ Yoast SEO plugin. -->","yoast_head_json":{"title":"Envasadora FORMAT - TME Italy","description":"Format \u00e8 la nostra completa linea di confezionamento in atmosfera personalizzabile per ogni esigenza.","robots":{"index":"index","follow":"follow","max-snippet":"max-snippet:-1","max-image-preview":"max-image-preview:large","max-video-preview":"max-video-preview:-1"},"canonical":"https:\/\/www.tmeitaly.com\/es\/producto\/envasadora-format\/","og_locale":"es_ES","og_type":"article","og_title":"Envasadora FORMAT - TME Italy","og_description":"Format \u00e8 la nostra completa linea di confezionamento in atmosfera personalizzabile per ogni esigenza.","og_url":"https:\/\/www.tmeitaly.com\/es\/producto\/envasadora-format\/","og_site_name":"TME Italy","article_modified_time":"2025-08-25T07:50:43+00:00","og_image":[{"width":2000,"height":2000,"url":"https:\/\/www.tmeitaly.com\/wp-content\/uploads\/2021\/06\/FORMAT-2020-TRASPARENZA_piedi-corti.jpg","type":"image\/jpeg"}],"twitter_card":"summary_large_image","twitter_misc":{"Tiempo de lectura":"1 minuto"},"schema":{"@context":"https:\/\/schema.org","@graph":[{"@type":"WebPage","@id":"https:\/\/www.tmeitaly.com\/es\/producto\/envasadora-format\/","url":"https:\/\/www.tmeitaly.com\/es\/producto\/envasadora-format\/","name":"Envasadora FORMAT - TME Italy","isPartOf":{"@id":"https:\/\/www.tmeitaly.com\/es\/#website"},"primaryImageOfPage":{"@id":"https:\/\/www.tmeitaly.com\/es\/producto\/envasadora-format\/#primaryimage"},"image":{"@id":"https:\/\/www.tmeitaly.com\/es\/producto\/envasadora-format\/#primaryimage"},"thumbnailUrl":"https:\/\/www.tmeitaly.com\/wp-content\/uploads\/2021\/06\/FORMAT-2020-TRASPARENZA_piedi-corti.jpg","datePublished":"2021-06-16T13:23:20+00:00","dateModified":"2025-08-25T07:50:43+00:00","description":"Format \u00e8 la nostra completa linea di confezionamento in atmosfera personalizzabile per ogni esigenza.","breadcrumb":{"@id":"https:\/\/www.tmeitaly.com\/es\/producto\/envasadora-format\/#breadcrumb"},"inLanguage":"es","potentialAction":[{"@type":"ReadAction","target":["https:\/\/www.tmeitaly.com\/es\/producto\/envasadora-format\/"]}]},{"@type":"ImageObject","inLanguage":"es","@id":"https:\/\/www.tmeitaly.com\/es\/producto\/envasadora-format\/#primaryimage","url":"https:\/\/www.tmeitaly.com\/wp-content\/uploads\/2021\/06\/FORMAT-2020-TRASPARENZA_piedi-corti.jpg","contentUrl":"https:\/\/www.tmeitaly.com\/wp-content\/uploads\/2021\/06\/FORMAT-2020-TRASPARENZA_piedi-corti.jpg","width":2000,"height":2000},{"@type":"BreadcrumbList","@id":"https:\/\/www.tmeitaly.com\/es\/producto\/envasadora-format\/#breadcrumb","itemListElement":[{"@type":"ListItem","position":1,"name":"Home","item":"https:\/\/www.tmeitaly.com\/es\/"},{"@type":"ListItem","position":2,"name":"Shop","item":"https:\/\/www.tmeitaly.com\/es\/negozio\/"},{"@type":"ListItem","position":3,"name":"Envasadora FORMAT"}]},{"@type":"WebSite","@id":"https:\/\/www.tmeitaly.com\/es\/#website","url":"https:\/\/www.tmeitaly.com\/es\/","name":"TME Italy","description":"","publisher":{"@id":"https:\/\/www.tmeitaly.com\/es\/#organization"},"potentialAction":[{"@type":"SearchAction","target":{"@type":"EntryPoint","urlTemplate":"https:\/\/www.tmeitaly.com\/es\/?s={search_term_string}"},"query-input":{"@type":"PropertyValueSpecification","valueRequired":true,"valueName":"search_term_string"}}],"inLanguage":"es"},{"@type":"Organization","@id":"https:\/\/www.tmeitaly.com\/es\/#organization","name":"TME Italy","url":"https:\/\/www.tmeitaly.com\/es\/","logo":{"@type":"ImageObject","inLanguage":"es","@id":"https:\/\/www.tmeitaly.com\/es\/#\/schema\/logo\/image\/","url":"https:\/\/www.tmeitaly.com\/wp-content\/uploads\/2021\/06\/cropped-logo.png","contentUrl":"https:\/\/www.tmeitaly.com\/wp-content\/uploads\/2021\/06\/cropped-logo.png","width":248,"height":120,"caption":"TME Italy"},"image":{"@id":"https:\/\/www.tmeitaly.com\/es\/#\/schema\/logo\/image\/"}}]}},"_links":{"self":[{"href":"https:\/\/www.tmeitaly.com\/es\/wp-json\/wp\/v2\/product\/1417","targetHints":{"allow":["GET"]}}],"collection":[{"href":"https:\/\/www.tmeitaly.com\/es\/wp-json\/wp\/v2\/product"}],"about":[{"href":"https:\/\/www.tmeitaly.com\/es\/wp-json\/wp\/v2\/types\/product"}],"wp:featuredmedia":[{"embeddable":true,"href":"https:\/\/www.tmeitaly.com\/es\/wp-json\/wp\/v2\/media\/1419"}],"wp:attachment":[{"href":"https:\/\/www.tmeitaly.com\/es\/wp-json\/wp\/v2\/media?parent=1417"}],"wp:term":[{"taxonomy":"product_cat","embeddable":true,"href":"https:\/\/www.tmeitaly.com\/es\/wp-json\/wp\/v2\/product_cat?post=1417"},{"taxonomy":"product_tag","embeddable":true,"href":"https:\/\/www.tmeitaly.com\/es\/wp-json\/wp\/v2\/product_tag?post=1417"}],"curies":[{"name":"wp","href":"https:\/\/api.w.org\/{rel}","templated":true}]}}