{"id":1409,"date":"2021-06-16T15:21:42","date_gmt":"2021-06-16T13:21:42","guid":{"rendered":"https:\/\/www.tmeitaly.com\/prodotto\/cva\/"},"modified":"2025-08-25T09:53:01","modified_gmt":"2025-08-25T07:53:01","slug":"envasadora-cva","status":"publish","type":"product","link":"https:\/\/www.tmeitaly.com\/es\/producto\/envasadora-cva\/","title":{"rendered":"Envasadora CVA"},"content":{"rendered":"<p class=\"whitespace-normal break-words\">La <strong>l\u00ednea de envasado CVA<\/strong> representa un punto de referencia consolidado en el envasado vertical, caracterizada por alt\u00edsima fiabilidad y constante actualizaci\u00f3n tecnol\u00f3gica para una elecci\u00f3n segura y duradera, compatible con materiales alternativos reciclables y compostables.<\/p>\n<ul class=\"[&amp;:not(:last-child)_ul]:pb-1 [&amp;:not(:last-child)_ol]:pb-1 list-disc space-y-1.5 pl-7\">\n<li class=\"whitespace-normal break-words\"><strong>Velocidad productiva robusta:<\/strong>\u00a0hasta 22 bolsas\/min de 1 kg (1.320 bolsas\/hora)<\/li>\n<li class=\"whitespace-normal break-words\"><strong>Capacidad de formato extendida:<\/strong>\u00a0realizaci\u00f3n de bolsas de 100 g a 3 kg para aplicaciones diversificadas<\/li>\n<li class=\"whitespace-normal break-words\"><strong>Manipulaci\u00f3n mec\u00e1nica<\/strong> de los grupos para m\u00e1xima fiabilidad<\/li>\n<li class=\"whitespace-normal break-words\"><strong>Sistemas de dosificaci\u00f3n vers\u00e1tiles:<\/strong>\n<ul class=\"[&amp;:not(:last-child)_ul]:pb-1 [&amp;:not(:last-child)_ol]:pb-1 list-disc space-y-1.5 pl-7\">\n<li class=\"whitespace-normal break-words\">Pesadora electr\u00f3nica para caf\u00e9 en grano<\/li>\n<li class=\"whitespace-normal break-words\">Dosificador volum\u00e9trico de tornillo sinf\u00edn con motorizaci\u00f3n brushless para caf\u00e9 molido y productos pulverulentos<\/li>\n<\/ul>\n<\/li>\n<li class=\"whitespace-normal break-words\"><strong>Accesorios opcionales<\/strong> para personalizaci\u00f3n:\n<ul class=\"[&amp;:not(:last-child)_ul]:pb-1 [&amp;:not(:last-child)_ol]:pb-1 list-disc space-y-1.5 pl-7\">\n<li class=\"whitespace-normal break-words\">Aplicaci\u00f3n v\u00e1lvula salva-aroma<\/li>\n<li class=\"whitespace-normal break-words\">Desaireaci\u00f3n de bolsa para optimizaci\u00f3n de volumen<\/li>\n<li class=\"whitespace-normal break-words\">Dispositivo de inyecci\u00f3n de gas inerte<\/li>\n<li class=\"whitespace-normal break-words\">Aspirador neum\u00e1tico para carga de caf\u00e9 en grano<\/li>\n<li class=\"whitespace-normal break-words\">Tornillo sinf\u00edn de alimentaci\u00f3n para caf\u00e9 molido<\/li>\n<li class=\"whitespace-normal break-words\">Marcador y Etiquetadora<\/li>\n<\/ul>\n<\/li>\n<li class=\"whitespace-normal break-words\"><strong>Integraci\u00f3n con sistemas de final de l\u00ednea:<\/strong>\n<ul class=\"[&amp;:not(:last-child)_ul]:pb-1 [&amp;:not(:last-child)_ol]:pb-1 list-disc space-y-1.5 pl-7\">\n<li class=\"whitespace-normal break-words\"><span class=\"s1\">Encartonadora<\/span> para envasado secundario<\/li>\n<li class=\"whitespace-normal break-words\"><span class=\"s1\">Enfardadora<\/span> para agrupamiento de productos<\/li>\n<\/ul>\n<\/li>\n<\/ul>\n","protected":false},"excerpt":{"rendered":"<p class=\"p1\">L\u00ednea de envasado fiable para bolsas de fondo estable y almohadilla.<\/p>\n","protected":false},"featured_media":1410,"template":"","meta":[],"product_cat":[101,94,95,97,102,103,99,100,96],"product_tag":[],"class_list":["post-1409","product","type-product","status-publish","has-post-thumbnail","hentry","product_cat-cafe-en-grano","product_cat-cafe-molido","product_cat-chocolate-soluble","product_cat-leche-soluble","product_cat-lineas-de-envasado-en-atmosfera","product_cat-polvo-para-helado","product_cat-productos-en-hojas","product_cat-sopas-solubles","product_cat-suplementos-deportivos-solubles"],"yoast_head":"<!-- This site is optimized with the Yoast SEO plugin v27.5 - https:\/\/yoast.com\/product\/yoast-seo-wordpress\/ -->\n<title>Envasadora CVA - TME Italy<\/title>\n<meta name=\"description\" content=\"CVA \u00e8 la nostra affidabile linea di confezionamento per buste a cuscino e fondo quadro.\" \/>\n<meta name=\"robots\" content=\"index, follow, max-snippet:-1, max-image-preview:large, max-video-preview:-1\" \/>\n<link rel=\"canonical\" href=\"https:\/\/www.tmeitaly.com\/es\/producto\/envasadora-cva\/\" \/>\n<meta property=\"og:locale\" content=\"es_ES\" \/>\n<meta property=\"og:type\" content=\"article\" \/>\n<meta property=\"og:title\" content=\"Envasadora CVA - TME Italy\" \/>\n<meta property=\"og:description\" content=\"CVA \u00e8 la nostra affidabile linea di confezionamento per buste a cuscino e fondo quadro.\" \/>\n<meta property=\"og:url\" content=\"https:\/\/www.tmeitaly.com\/es\/producto\/envasadora-cva\/\" \/>\n<meta property=\"og:site_name\" content=\"TME Italy\" \/>\n<meta property=\"article:modified_time\" content=\"2025-08-25T07:53:01+00:00\" \/>\n<meta property=\"og:image\" content=\"https:\/\/www.tmeitaly.com\/wp-content\/uploads\/2021\/06\/CVA-CV500-CONF.jpg\" \/>\n\t<meta property=\"og:image:width\" content=\"2000\" \/>\n\t<meta property=\"og:image:height\" content=\"2000\" \/>\n\t<meta property=\"og:image:type\" content=\"image\/jpeg\" \/>\n<meta name=\"twitter:card\" content=\"summary_large_image\" \/>\n<meta name=\"twitter:label1\" content=\"Tiempo de lectura\" \/>\n\t<meta name=\"twitter:data1\" content=\"1 minuto\" \/>\n<script type=\"application\/ld+json\" class=\"yoast-schema-graph\">{\"@context\":\"https:\\\/\\\/schema.org\",\"@graph\":[{\"@type\":\"WebPage\",\"@id\":\"https:\\\/\\\/www.tmeitaly.com\\\/es\\\/producto\\\/envasadora-cva\\\/\",\"url\":\"https:\\\/\\\/www.tmeitaly.com\\\/es\\\/producto\\\/envasadora-cva\\\/\",\"name\":\"Envasadora CVA - TME Italy\",\"isPartOf\":{\"@id\":\"https:\\\/\\\/www.tmeitaly.com\\\/es\\\/#website\"},\"primaryImageOfPage\":{\"@id\":\"https:\\\/\\\/www.tmeitaly.com\\\/es\\\/producto\\\/envasadora-cva\\\/#primaryimage\"},\"image\":{\"@id\":\"https:\\\/\\\/www.tmeitaly.com\\\/es\\\/producto\\\/envasadora-cva\\\/#primaryimage\"},\"thumbnailUrl\":\"https:\\\/\\\/www.tmeitaly.com\\\/wp-content\\\/uploads\\\/2021\\\/06\\\/CVA-CV500-CONF.jpg\",\"datePublished\":\"2021-06-16T13:21:42+00:00\",\"dateModified\":\"2025-08-25T07:53:01+00:00\",\"description\":\"CVA \u00e8 la nostra affidabile linea di confezionamento per buste a cuscino e fondo quadro.\",\"breadcrumb\":{\"@id\":\"https:\\\/\\\/www.tmeitaly.com\\\/es\\\/producto\\\/envasadora-cva\\\/#breadcrumb\"},\"inLanguage\":\"es\",\"potentialAction\":[{\"@type\":\"ReadAction\",\"target\":[\"https:\\\/\\\/www.tmeitaly.com\\\/es\\\/producto\\\/envasadora-cva\\\/\"]}]},{\"@type\":\"ImageObject\",\"inLanguage\":\"es\",\"@id\":\"https:\\\/\\\/www.tmeitaly.com\\\/es\\\/producto\\\/envasadora-cva\\\/#primaryimage\",\"url\":\"https:\\\/\\\/www.tmeitaly.com\\\/wp-content\\\/uploads\\\/2021\\\/06\\\/CVA-CV500-CONF.jpg\",\"contentUrl\":\"https:\\\/\\\/www.tmeitaly.com\\\/wp-content\\\/uploads\\\/2021\\\/06\\\/CVA-CV500-CONF.jpg\",\"width\":2000,\"height\":2000},{\"@type\":\"BreadcrumbList\",\"@id\":\"https:\\\/\\\/www.tmeitaly.com\\\/es\\\/producto\\\/envasadora-cva\\\/#breadcrumb\",\"itemListElement\":[{\"@type\":\"ListItem\",\"position\":1,\"name\":\"Home\",\"item\":\"https:\\\/\\\/www.tmeitaly.com\\\/es\\\/\"},{\"@type\":\"ListItem\",\"position\":2,\"name\":\"Shop\",\"item\":\"https:\\\/\\\/www.tmeitaly.com\\\/es\\\/negozio\\\/\"},{\"@type\":\"ListItem\",\"position\":3,\"name\":\"Envasadora CVA\"}]},{\"@type\":\"WebSite\",\"@id\":\"https:\\\/\\\/www.tmeitaly.com\\\/es\\\/#website\",\"url\":\"https:\\\/\\\/www.tmeitaly.com\\\/es\\\/\",\"name\":\"TME Italy\",\"description\":\"\",\"publisher\":{\"@id\":\"https:\\\/\\\/www.tmeitaly.com\\\/es\\\/#organization\"},\"potentialAction\":[{\"@type\":\"SearchAction\",\"target\":{\"@type\":\"EntryPoint\",\"urlTemplate\":\"https:\\\/\\\/www.tmeitaly.com\\\/es\\\/?s={search_term_string}\"},\"query-input\":{\"@type\":\"PropertyValueSpecification\",\"valueRequired\":true,\"valueName\":\"search_term_string\"}}],\"inLanguage\":\"es\"},{\"@type\":\"Organization\",\"@id\":\"https:\\\/\\\/www.tmeitaly.com\\\/es\\\/#organization\",\"name\":\"TME Italy\",\"url\":\"https:\\\/\\\/www.tmeitaly.com\\\/es\\\/\",\"logo\":{\"@type\":\"ImageObject\",\"inLanguage\":\"es\",\"@id\":\"https:\\\/\\\/www.tmeitaly.com\\\/es\\\/#\\\/schema\\\/logo\\\/image\\\/\",\"url\":\"https:\\\/\\\/www.tmeitaly.com\\\/wp-content\\\/uploads\\\/2021\\\/06\\\/cropped-logo.png\",\"contentUrl\":\"https:\\\/\\\/www.tmeitaly.com\\\/wp-content\\\/uploads\\\/2021\\\/06\\\/cropped-logo.png\",\"width\":248,\"height\":120,\"caption\":\"TME Italy\"},\"image\":{\"@id\":\"https:\\\/\\\/www.tmeitaly.com\\\/es\\\/#\\\/schema\\\/logo\\\/image\\\/\"}}]}<\/script>\n<!-- \/ Yoast SEO plugin. -->","yoast_head_json":{"title":"Envasadora CVA - TME Italy","description":"CVA \u00e8 la nostra affidabile linea di confezionamento per buste a cuscino e fondo quadro.","robots":{"index":"index","follow":"follow","max-snippet":"max-snippet:-1","max-image-preview":"max-image-preview:large","max-video-preview":"max-video-preview:-1"},"canonical":"https:\/\/www.tmeitaly.com\/es\/producto\/envasadora-cva\/","og_locale":"es_ES","og_type":"article","og_title":"Envasadora CVA - TME Italy","og_description":"CVA \u00e8 la nostra affidabile linea di confezionamento per buste a cuscino e fondo quadro.","og_url":"https:\/\/www.tmeitaly.com\/es\/producto\/envasadora-cva\/","og_site_name":"TME Italy","article_modified_time":"2025-08-25T07:53:01+00:00","og_image":[{"width":2000,"height":2000,"url":"https:\/\/www.tmeitaly.com\/wp-content\/uploads\/2021\/06\/CVA-CV500-CONF.jpg","type":"image\/jpeg"}],"twitter_card":"summary_large_image","twitter_misc":{"Tiempo de lectura":"1 minuto"},"schema":{"@context":"https:\/\/schema.org","@graph":[{"@type":"WebPage","@id":"https:\/\/www.tmeitaly.com\/es\/producto\/envasadora-cva\/","url":"https:\/\/www.tmeitaly.com\/es\/producto\/envasadora-cva\/","name":"Envasadora CVA - TME Italy","isPartOf":{"@id":"https:\/\/www.tmeitaly.com\/es\/#website"},"primaryImageOfPage":{"@id":"https:\/\/www.tmeitaly.com\/es\/producto\/envasadora-cva\/#primaryimage"},"image":{"@id":"https:\/\/www.tmeitaly.com\/es\/producto\/envasadora-cva\/#primaryimage"},"thumbnailUrl":"https:\/\/www.tmeitaly.com\/wp-content\/uploads\/2021\/06\/CVA-CV500-CONF.jpg","datePublished":"2021-06-16T13:21:42+00:00","dateModified":"2025-08-25T07:53:01+00:00","description":"CVA \u00e8 la nostra affidabile linea di confezionamento per buste a cuscino e fondo quadro.","breadcrumb":{"@id":"https:\/\/www.tmeitaly.com\/es\/producto\/envasadora-cva\/#breadcrumb"},"inLanguage":"es","potentialAction":[{"@type":"ReadAction","target":["https:\/\/www.tmeitaly.com\/es\/producto\/envasadora-cva\/"]}]},{"@type":"ImageObject","inLanguage":"es","@id":"https:\/\/www.tmeitaly.com\/es\/producto\/envasadora-cva\/#primaryimage","url":"https:\/\/www.tmeitaly.com\/wp-content\/uploads\/2021\/06\/CVA-CV500-CONF.jpg","contentUrl":"https:\/\/www.tmeitaly.com\/wp-content\/uploads\/2021\/06\/CVA-CV500-CONF.jpg","width":2000,"height":2000},{"@type":"BreadcrumbList","@id":"https:\/\/www.tmeitaly.com\/es\/producto\/envasadora-cva\/#breadcrumb","itemListElement":[{"@type":"ListItem","position":1,"name":"Home","item":"https:\/\/www.tmeitaly.com\/es\/"},{"@type":"ListItem","position":2,"name":"Shop","item":"https:\/\/www.tmeitaly.com\/es\/negozio\/"},{"@type":"ListItem","position":3,"name":"Envasadora CVA"}]},{"@type":"WebSite","@id":"https:\/\/www.tmeitaly.com\/es\/#website","url":"https:\/\/www.tmeitaly.com\/es\/","name":"TME Italy","description":"","publisher":{"@id":"https:\/\/www.tmeitaly.com\/es\/#organization"},"potentialAction":[{"@type":"SearchAction","target":{"@type":"EntryPoint","urlTemplate":"https:\/\/www.tmeitaly.com\/es\/?s={search_term_string}"},"query-input":{"@type":"PropertyValueSpecification","valueRequired":true,"valueName":"search_term_string"}}],"inLanguage":"es"},{"@type":"Organization","@id":"https:\/\/www.tmeitaly.com\/es\/#organization","name":"TME Italy","url":"https:\/\/www.tmeitaly.com\/es\/","logo":{"@type":"ImageObject","inLanguage":"es","@id":"https:\/\/www.tmeitaly.com\/es\/#\/schema\/logo\/image\/","url":"https:\/\/www.tmeitaly.com\/wp-content\/uploads\/2021\/06\/cropped-logo.png","contentUrl":"https:\/\/www.tmeitaly.com\/wp-content\/uploads\/2021\/06\/cropped-logo.png","width":248,"height":120,"caption":"TME Italy"},"image":{"@id":"https:\/\/www.tmeitaly.com\/es\/#\/schema\/logo\/image\/"}}]}},"_links":{"self":[{"href":"https:\/\/www.tmeitaly.com\/es\/wp-json\/wp\/v2\/product\/1409","targetHints":{"allow":["GET"]}}],"collection":[{"href":"https:\/\/www.tmeitaly.com\/es\/wp-json\/wp\/v2\/product"}],"about":[{"href":"https:\/\/www.tmeitaly.com\/es\/wp-json\/wp\/v2\/types\/product"}],"wp:featuredmedia":[{"embeddable":true,"href":"https:\/\/www.tmeitaly.com\/es\/wp-json\/wp\/v2\/media\/1410"}],"wp:attachment":[{"href":"https:\/\/www.tmeitaly.com\/es\/wp-json\/wp\/v2\/media?parent=1409"}],"wp:term":[{"taxonomy":"product_cat","embeddable":true,"href":"https:\/\/www.tmeitaly.com\/es\/wp-json\/wp\/v2\/product_cat?post=1409"},{"taxonomy":"product_tag","embeddable":true,"href":"https:\/\/www.tmeitaly.com\/es\/wp-json\/wp\/v2\/product_tag?post=1409"}],"curies":[{"name":"wp","href":"https:\/\/api.w.org\/{rel}","templated":true}]}}