{"id":1395,"date":"2021-06-16T15:16:49","date_gmt":"2021-06-16T13:16:49","guid":{"rendered":"https:\/\/www.tmeitaly.com\/prodotto\/htn\/"},"modified":"2025-08-25T09:55:41","modified_gmt":"2025-08-25T07:55:41","slug":"envasadora-htn","status":"publish","type":"product","link":"https:\/\/www.tmeitaly.com\/es\/producto\/envasadora-htn\/","title":{"rendered":"Envasadora HTN"},"content":{"rendered":"<p class=\"whitespace-normal break-words\">La <strong>l\u00ednea de envasado c\u00e1psulas HTN<\/strong> nace de la consolidada experiencia TME en el mercado de los productos monodosis, ofreciendo flexibilidad e innovaci\u00f3n para diversas exigencias productivas.<\/p>\n<ul class=\"[&amp;:not(:last-child)_ul]:pb-1 [&amp;:not(:last-child)_ol]:pb-1 list-disc space-y-1.5 pl-7\">\n<li class=\"whitespace-normal break-words\"><strong>Velocidades productivas diferenciadas:<\/strong>\n<ul class=\"[&amp;:not(:last-child)_ul]:pb-1 [&amp;:not(:last-child)_ol]:pb-1 list-disc space-y-1.5 pl-7\">\n<li class=\"whitespace-normal break-words\"><strong>HTN1:<\/strong>\u00a0hasta 80 c\u00e1psulas\/min (4.800 c\u00e1psulas\/hora)<\/li>\n<li class=\"whitespace-normal break-words\"><strong>HTN2:<\/strong>\u00a0hasta 160 c\u00e1psulas\/min (9.600 c\u00e1psulas\/hora)<\/li>\n<\/ul>\n<\/li>\n<li class=\"whitespace-normal break-words\"><strong>Compatibilidad universal:<\/strong>\u00a0procesamiento completo de todos los modelos de c\u00e1psula y materiales (pl\u00e1stico, compostable, aluminio), con o sin barrera<\/li>\n<li class=\"whitespace-normal break-words\"><strong>Versatilidad de producto:<\/strong>\u00a0capacidad de envasado para caf\u00e9, solubles, t\u00e9 e infusiones<\/li>\n<li class=\"whitespace-normal break-words\"><strong>Sistema de cambio de formato innovador:<\/strong>\u00a0operaciones f\u00e1ciles y r\u00e1pidas a partir de una sola hora<\/li>\n<li class=\"whitespace-normal break-words\"><strong>Sistema de dosificaci\u00f3n avanzado:<\/strong>\u00a0tornillo sinf\u00edn con motorizaci\u00f3n brushless para precisi\u00f3n \u00f3ptima<\/li>\n<li class=\"whitespace-normal break-words\"><strong>Control de calidad superior:<\/strong>\u00a0estaci\u00f3n de aspiraci\u00f3n y limpieza del caf\u00e9 en exceso para calidad de soldadura \u00f3ptima<\/li>\n<li class=\"whitespace-normal break-words\"><strong>Conservaci\u00f3n del aroma:<\/strong>\u00a0dispositivo de inyecci\u00f3n de gas inerte para mantenimiento prolongado de las caracter\u00edsticas organol\u00e9pticas<\/li>\n<li class=\"whitespace-normal break-words\"><strong>Control de peso opcional:<\/strong>\u00a0sistema con feedback y descarte autom\u00e1tico de las c\u00e1psulas fuera de tolerancia<\/li>\n<li class=\"whitespace-normal break-words\"><strong>Integraci\u00f3n con sistemas de final de l\u00ednea:<\/strong>\n<ul class=\"[&amp;:not(:last-child)_ul]:pb-1 [&amp;:not(:last-child)_ol]:pb-1 list-disc space-y-1.5 pl-7\">\n<li class=\"whitespace-normal break-words\"><span class=\"s1\">Envasadora<\/span> vertical para bolsas con c\u00e1psula individual<\/li>\n<li class=\"whitespace-normal break-words\"><span class=\"s1\">Envasadora<\/span> vertical para bolsas de cuatro esquinas<\/li>\n<li class=\"whitespace-normal break-words\"><span class=\"s1\">Estuchadora<\/span> para envasado primario<\/li>\n<\/ul>\n<\/li>\n<\/ul>\n","protected":false},"excerpt":{"rendered":"<p class=\"p1\">L\u00ednea de envasado flexible y eficiente apta para cualquier tipo de c\u00e1psula.<\/p>\n","protected":false},"featured_media":1396,"template":"","meta":[],"product_cat":[94,95,97,98,99,100,96],"product_tag":[],"class_list":["post-1395","product","type-product","status-publish","has-post-thumbnail","hentry","product_cat-cafe-molido","product_cat-chocolate-soluble","product_cat-leche-soluble","product_cat-lineas-de-envasado-para-monodosis","product_cat-productos-en-hojas","product_cat-sopas-solubles","product_cat-suplementos-deportivos-solubles"],"yoast_head":"<!-- This site is optimized with the Yoast SEO plugin v27.5 - https:\/\/yoast.com\/product\/yoast-seo-wordpress\/ -->\n<title>Envasadora HTN - TME Italy<\/title>\n<meta name=\"description\" content=\"HTN \u00e8 la nostra flessibile ed efficiente linea di confezionamento adatta ad ogni tipo di capsule.\" \/>\n<meta name=\"robots\" content=\"index, follow, max-snippet:-1, max-image-preview:large, max-video-preview:-1\" \/>\n<link rel=\"canonical\" href=\"https:\/\/www.tmeitaly.com\/es\/producto\/envasadora-htn\/\" \/>\n<meta property=\"og:locale\" content=\"es_ES\" \/>\n<meta property=\"og:type\" content=\"article\" \/>\n<meta property=\"og:title\" content=\"Envasadora HTN - TME Italy\" \/>\n<meta property=\"og:description\" content=\"HTN \u00e8 la nostra flessibile ed efficiente linea di confezionamento adatta ad ogni tipo di capsule.\" \/>\n<meta property=\"og:url\" content=\"https:\/\/www.tmeitaly.com\/es\/producto\/envasadora-htn\/\" \/>\n<meta property=\"og:site_name\" content=\"TME Italy\" \/>\n<meta property=\"article:modified_time\" content=\"2025-08-25T07:55:41+00:00\" \/>\n<meta property=\"og:image\" content=\"https:\/\/www.tmeitaly.com\/wp-content\/uploads\/2021\/06\/HTN-HTN-2.jpg\" \/>\n\t<meta property=\"og:image:width\" content=\"2000\" \/>\n\t<meta property=\"og:image:height\" content=\"2000\" \/>\n\t<meta property=\"og:image:type\" content=\"image\/jpeg\" \/>\n<meta name=\"twitter:card\" content=\"summary_large_image\" \/>\n<meta name=\"twitter:label1\" content=\"Tiempo de lectura\" \/>\n\t<meta name=\"twitter:data1\" content=\"2 minutos\" \/>\n<script type=\"application\/ld+json\" class=\"yoast-schema-graph\">{\"@context\":\"https:\\\/\\\/schema.org\",\"@graph\":[{\"@type\":\"WebPage\",\"@id\":\"https:\\\/\\\/www.tmeitaly.com\\\/es\\\/producto\\\/envasadora-htn\\\/\",\"url\":\"https:\\\/\\\/www.tmeitaly.com\\\/es\\\/producto\\\/envasadora-htn\\\/\",\"name\":\"Envasadora HTN - TME Italy\",\"isPartOf\":{\"@id\":\"https:\\\/\\\/www.tmeitaly.com\\\/es\\\/#website\"},\"primaryImageOfPage\":{\"@id\":\"https:\\\/\\\/www.tmeitaly.com\\\/es\\\/producto\\\/envasadora-htn\\\/#primaryimage\"},\"image\":{\"@id\":\"https:\\\/\\\/www.tmeitaly.com\\\/es\\\/producto\\\/envasadora-htn\\\/#primaryimage\"},\"thumbnailUrl\":\"https:\\\/\\\/www.tmeitaly.com\\\/wp-content\\\/uploads\\\/2021\\\/06\\\/HTN-HTN-2.jpg\",\"datePublished\":\"2021-06-16T13:16:49+00:00\",\"dateModified\":\"2025-08-25T07:55:41+00:00\",\"description\":\"HTN \u00e8 la nostra flessibile ed efficiente linea di confezionamento adatta ad ogni tipo di capsule.\",\"breadcrumb\":{\"@id\":\"https:\\\/\\\/www.tmeitaly.com\\\/es\\\/producto\\\/envasadora-htn\\\/#breadcrumb\"},\"inLanguage\":\"es\",\"potentialAction\":[{\"@type\":\"ReadAction\",\"target\":[\"https:\\\/\\\/www.tmeitaly.com\\\/es\\\/producto\\\/envasadora-htn\\\/\"]}]},{\"@type\":\"ImageObject\",\"inLanguage\":\"es\",\"@id\":\"https:\\\/\\\/www.tmeitaly.com\\\/es\\\/producto\\\/envasadora-htn\\\/#primaryimage\",\"url\":\"https:\\\/\\\/www.tmeitaly.com\\\/wp-content\\\/uploads\\\/2021\\\/06\\\/HTN-HTN-2.jpg\",\"contentUrl\":\"https:\\\/\\\/www.tmeitaly.com\\\/wp-content\\\/uploads\\\/2021\\\/06\\\/HTN-HTN-2.jpg\",\"width\":2000,\"height\":2000},{\"@type\":\"BreadcrumbList\",\"@id\":\"https:\\\/\\\/www.tmeitaly.com\\\/es\\\/producto\\\/envasadora-htn\\\/#breadcrumb\",\"itemListElement\":[{\"@type\":\"ListItem\",\"position\":1,\"name\":\"Home\",\"item\":\"https:\\\/\\\/www.tmeitaly.com\\\/es\\\/\"},{\"@type\":\"ListItem\",\"position\":2,\"name\":\"Shop\",\"item\":\"https:\\\/\\\/www.tmeitaly.com\\\/es\\\/negozio\\\/\"},{\"@type\":\"ListItem\",\"position\":3,\"name\":\"Envasadora HTN\"}]},{\"@type\":\"WebSite\",\"@id\":\"https:\\\/\\\/www.tmeitaly.com\\\/es\\\/#website\",\"url\":\"https:\\\/\\\/www.tmeitaly.com\\\/es\\\/\",\"name\":\"TME Italy\",\"description\":\"\",\"publisher\":{\"@id\":\"https:\\\/\\\/www.tmeitaly.com\\\/es\\\/#organization\"},\"potentialAction\":[{\"@type\":\"SearchAction\",\"target\":{\"@type\":\"EntryPoint\",\"urlTemplate\":\"https:\\\/\\\/www.tmeitaly.com\\\/es\\\/?s={search_term_string}\"},\"query-input\":{\"@type\":\"PropertyValueSpecification\",\"valueRequired\":true,\"valueName\":\"search_term_string\"}}],\"inLanguage\":\"es\"},{\"@type\":\"Organization\",\"@id\":\"https:\\\/\\\/www.tmeitaly.com\\\/es\\\/#organization\",\"name\":\"TME Italy\",\"url\":\"https:\\\/\\\/www.tmeitaly.com\\\/es\\\/\",\"logo\":{\"@type\":\"ImageObject\",\"inLanguage\":\"es\",\"@id\":\"https:\\\/\\\/www.tmeitaly.com\\\/es\\\/#\\\/schema\\\/logo\\\/image\\\/\",\"url\":\"https:\\\/\\\/www.tmeitaly.com\\\/wp-content\\\/uploads\\\/2021\\\/06\\\/cropped-logo.png\",\"contentUrl\":\"https:\\\/\\\/www.tmeitaly.com\\\/wp-content\\\/uploads\\\/2021\\\/06\\\/cropped-logo.png\",\"width\":248,\"height\":120,\"caption\":\"TME Italy\"},\"image\":{\"@id\":\"https:\\\/\\\/www.tmeitaly.com\\\/es\\\/#\\\/schema\\\/logo\\\/image\\\/\"}}]}<\/script>\n<!-- \/ Yoast SEO plugin. -->","yoast_head_json":{"title":"Envasadora HTN - TME Italy","description":"HTN \u00e8 la nostra flessibile ed efficiente linea di confezionamento adatta ad ogni tipo di capsule.","robots":{"index":"index","follow":"follow","max-snippet":"max-snippet:-1","max-image-preview":"max-image-preview:large","max-video-preview":"max-video-preview:-1"},"canonical":"https:\/\/www.tmeitaly.com\/es\/producto\/envasadora-htn\/","og_locale":"es_ES","og_type":"article","og_title":"Envasadora HTN - TME Italy","og_description":"HTN \u00e8 la nostra flessibile ed efficiente linea di confezionamento adatta ad ogni tipo di capsule.","og_url":"https:\/\/www.tmeitaly.com\/es\/producto\/envasadora-htn\/","og_site_name":"TME Italy","article_modified_time":"2025-08-25T07:55:41+00:00","og_image":[{"width":2000,"height":2000,"url":"https:\/\/www.tmeitaly.com\/wp-content\/uploads\/2021\/06\/HTN-HTN-2.jpg","type":"image\/jpeg"}],"twitter_card":"summary_large_image","twitter_misc":{"Tiempo de lectura":"2 minutos"},"schema":{"@context":"https:\/\/schema.org","@graph":[{"@type":"WebPage","@id":"https:\/\/www.tmeitaly.com\/es\/producto\/envasadora-htn\/","url":"https:\/\/www.tmeitaly.com\/es\/producto\/envasadora-htn\/","name":"Envasadora HTN - TME Italy","isPartOf":{"@id":"https:\/\/www.tmeitaly.com\/es\/#website"},"primaryImageOfPage":{"@id":"https:\/\/www.tmeitaly.com\/es\/producto\/envasadora-htn\/#primaryimage"},"image":{"@id":"https:\/\/www.tmeitaly.com\/es\/producto\/envasadora-htn\/#primaryimage"},"thumbnailUrl":"https:\/\/www.tmeitaly.com\/wp-content\/uploads\/2021\/06\/HTN-HTN-2.jpg","datePublished":"2021-06-16T13:16:49+00:00","dateModified":"2025-08-25T07:55:41+00:00","description":"HTN \u00e8 la nostra flessibile ed efficiente linea di confezionamento adatta ad ogni tipo di capsule.","breadcrumb":{"@id":"https:\/\/www.tmeitaly.com\/es\/producto\/envasadora-htn\/#breadcrumb"},"inLanguage":"es","potentialAction":[{"@type":"ReadAction","target":["https:\/\/www.tmeitaly.com\/es\/producto\/envasadora-htn\/"]}]},{"@type":"ImageObject","inLanguage":"es","@id":"https:\/\/www.tmeitaly.com\/es\/producto\/envasadora-htn\/#primaryimage","url":"https:\/\/www.tmeitaly.com\/wp-content\/uploads\/2021\/06\/HTN-HTN-2.jpg","contentUrl":"https:\/\/www.tmeitaly.com\/wp-content\/uploads\/2021\/06\/HTN-HTN-2.jpg","width":2000,"height":2000},{"@type":"BreadcrumbList","@id":"https:\/\/www.tmeitaly.com\/es\/producto\/envasadora-htn\/#breadcrumb","itemListElement":[{"@type":"ListItem","position":1,"name":"Home","item":"https:\/\/www.tmeitaly.com\/es\/"},{"@type":"ListItem","position":2,"name":"Shop","item":"https:\/\/www.tmeitaly.com\/es\/negozio\/"},{"@type":"ListItem","position":3,"name":"Envasadora HTN"}]},{"@type":"WebSite","@id":"https:\/\/www.tmeitaly.com\/es\/#website","url":"https:\/\/www.tmeitaly.com\/es\/","name":"TME Italy","description":"","publisher":{"@id":"https:\/\/www.tmeitaly.com\/es\/#organization"},"potentialAction":[{"@type":"SearchAction","target":{"@type":"EntryPoint","urlTemplate":"https:\/\/www.tmeitaly.com\/es\/?s={search_term_string}"},"query-input":{"@type":"PropertyValueSpecification","valueRequired":true,"valueName":"search_term_string"}}],"inLanguage":"es"},{"@type":"Organization","@id":"https:\/\/www.tmeitaly.com\/es\/#organization","name":"TME Italy","url":"https:\/\/www.tmeitaly.com\/es\/","logo":{"@type":"ImageObject","inLanguage":"es","@id":"https:\/\/www.tmeitaly.com\/es\/#\/schema\/logo\/image\/","url":"https:\/\/www.tmeitaly.com\/wp-content\/uploads\/2021\/06\/cropped-logo.png","contentUrl":"https:\/\/www.tmeitaly.com\/wp-content\/uploads\/2021\/06\/cropped-logo.png","width":248,"height":120,"caption":"TME Italy"},"image":{"@id":"https:\/\/www.tmeitaly.com\/es\/#\/schema\/logo\/image\/"}}]}},"_links":{"self":[{"href":"https:\/\/www.tmeitaly.com\/es\/wp-json\/wp\/v2\/product\/1395","targetHints":{"allow":["GET"]}}],"collection":[{"href":"https:\/\/www.tmeitaly.com\/es\/wp-json\/wp\/v2\/product"}],"about":[{"href":"https:\/\/www.tmeitaly.com\/es\/wp-json\/wp\/v2\/types\/product"}],"wp:featuredmedia":[{"embeddable":true,"href":"https:\/\/www.tmeitaly.com\/es\/wp-json\/wp\/v2\/media\/1396"}],"wp:attachment":[{"href":"https:\/\/www.tmeitaly.com\/es\/wp-json\/wp\/v2\/media?parent=1395"}],"wp:term":[{"taxonomy":"product_cat","embeddable":true,"href":"https:\/\/www.tmeitaly.com\/es\/wp-json\/wp\/v2\/product_cat?post=1395"},{"taxonomy":"product_tag","embeddable":true,"href":"https:\/\/www.tmeitaly.com\/es\/wp-json\/wp\/v2\/product_tag?post=1395"}],"curies":[{"name":"wp","href":"https:\/\/api.w.org\/{rel}","templated":true}]}}